{"id":107663,"date":"2017-03-23T02:48:01","date_gmt":"2017-03-23T02:48:01","guid":{"rendered":"http:\/\/keramika.holest.com\/slovenija\/product\/sanremo-gris\/"},"modified":"2026-01-05T00:01:23","modified_gmt":"2026-01-05T00:01:23","slug":"sanremo-gris","status":"publish","type":"product","link":"https:\/\/www.keramika.com\/slovenija\/sanremo-gris\/","title":{"rendered":"Sanremo Gris"},"content":{"rendered":"<p>Ta plo\u0161\u010dica je debela mm in je zelo trpe\u017ena. Zelo moderna plo\u0161\u010dica v sivi barvi popestri prav vsak prostor. V redni prodaji bi morali za to plo\u0161\u010dico od\u0161teti 18,12 EUR, spletna cena pa zna\u0161a le 14,5 EUR. Velikost te plo\u0161\u010dice je 45&#215;45 cm. Sanremo Gris je plo\u0161\u010dica proizvajalca Cicogres in prihaja iz \u0160panije.<\/p>\n<p>Kliknite na ime kolekcije za ogled vseh plo\u0161\u010dic iz te serije: <a class=\"pdfcatal\" href=\"\/\/www.ceramictiles.com\/pdf\/cicogres\/catalogue_cicogres_sanremo.pdf\" onclick=\"recordOutboundLink(this, 'E-mail', 'Description PDF');return false;\">Cicogres Sanremo<\/a><\/p>\n<p>\u010ce \u017eelite naro\u010diti model iz pdf kataloga te kolekcije, nam pi\u0161ite na: <a href=\"mailto:keramoteka.salon@gmail.com\" onclick=\"recordOutboundLink(this, 'E-mail', 'Description mail');return false;\">keramoteka.salon@gmail.com<\/a> ali pa nas pokli\u010dite na: +386 31 255 900.<\/p>\n","protected":false},"excerpt":{"rendered":"<p>Ta plo\u0161\u010dica je debela mm in je zelo trpe\u017ena. Zelo moderna plo\u0161\u010dica v sivi barvi popestri prav vsak prostor. V redni prodaji bi morali za to plo\u0161\u010dico od\u0161teti 18,12 EUR, spletna cena pa zna\u0161a le 14,5 EUR. Velikost te plo\u0161\u010dice je 45&#215;45 cm. Sanremo Gris je plo\u0161\u010dica proizvajalca Cicogres in prihaja iz \u0160panije. Kliknite na [&hellip;]<\/p>\n","protected":false},"featured_media":107664,"template":"","meta":[],"product_cat":[999964,200,999],"product_tag":[],"_links":{"self":[{"href":"https:\/\/www.keramika.com\/slovenija\/wp-json\/wp\/v2\/product\/107663"}],"collection":[{"href":"https:\/\/www.keramika.com\/slovenija\/wp-json\/wp\/v2\/product"}],"about":[{"href":"https:\/\/www.keramika.com\/slovenija\/wp-json\/wp\/v2\/types\/product"}],"wp:featuredmedia":[{"embeddable":true,"href":"https:\/\/www.keramika.com\/slovenija\/wp-json\/wp\/v2\/media\/107664"}],"wp:attachment":[{"href":"https:\/\/www.keramika.com\/slovenija\/wp-json\/wp\/v2\/media?parent=107663"}],"wp:term":[{"taxonomy":"product_cat","embeddable":true,"href":"https:\/\/www.keramika.com\/slovenija\/wp-json\/wp\/v2\/product_cat?post=107663"},{"taxonomy":"product_tag","embeddable":true,"href":"https:\/\/www.keramika.com\/slovenija\/wp-json\/wp\/v2\/product_tag?post=107663"}],"curies":[{"name":"wp","href":"https:\/\/api.w.org\/{rel}","templated":true}]}}