{"id":107635,"date":"2017-03-23T02:46:23","date_gmt":"2017-03-23T02:46:23","guid":{"rendered":"http:\/\/keramika.holest.com\/slovenija\/product\/pacific-blanco\/"},"modified":"2026-01-05T00:01:20","modified_gmt":"2026-01-05T00:01:20","slug":"pacific-blanco","status":"publish","type":"product","link":"https:\/\/www.keramika.com\/slovenija\/pacific-blanco\/","title":{"rendered":"Pacific Blanco"},"content":{"rendered":"<p>V redni prodaji bi morali za to plo\u0161\u010dico od\u0161teti 24,12 EUR, spletna cena pa zna\u0161a le 19,3 EUR. Zelo moderna plo\u0161\u010dica v beli barvi popestri prav vsak prostor. Z velikostjo 60&#215;30 cm je ta plo\u0161\u010dica primerna ze razli\u010dne povr\u0161ine. Pacific Blanco je plo\u0161\u010dica proizvajalca Cicogres in prihaja iz \u0160panije. mm je debelina, ki zadovolji tudi zahtevnej\u0161e kupce.<\/p>\n<p>Kliknite na ime kolekcije za ogled vseh plo\u0161\u010dic iz te serije: <a class=\"pdfcatal\" href=\"\/\/www.ceramictiles.com\/pdf\/cicogres\/catalogue_cicogres_pacific.pdf\" onclick=\"recordOutboundLink(this, 'E-mail', 'Description PDF');return false;\">Cicogres Pacific<\/a><\/p>\n<p>\u010ce \u017eelite naro\u010diti model iz pdf kataloga te kolekcije, nam pi\u0161ite na: <a href=\"mailto:keramoteka.salon@gmail.com\" onclick=\"recordOutboundLink(this, 'E-mail', 'Description mail');return false;\">keramoteka.salon@gmail.com<\/a> ali pa nas pokli\u010dite na: +386 31 255 900.<\/p>\n<p>Technical description: 60&#215;31,6<\/p>\n","protected":false},"excerpt":{"rendered":"<p>V redni prodaji bi morali za to plo\u0161\u010dico od\u0161teti 24,12 EUR, spletna cena pa zna\u0161a le 19,3 EUR. Zelo moderna plo\u0161\u010dica v beli barvi popestri prav vsak prostor. Z velikostjo 60&#215;30 cm je ta plo\u0161\u010dica primerna ze razli\u010dne povr\u0161ine. Pacific Blanco je plo\u0161\u010dica proizvajalca Cicogres in prihaja iz \u0160panije. mm je debelina, ki zadovolji tudi [&hellip;]<\/p>\n","protected":false},"featured_media":107636,"template":"","meta":[],"product_cat":[999964,200,999],"product_tag":[],"_links":{"self":[{"href":"https:\/\/www.keramika.com\/slovenija\/wp-json\/wp\/v2\/product\/107635"}],"collection":[{"href":"https:\/\/www.keramika.com\/slovenija\/wp-json\/wp\/v2\/product"}],"about":[{"href":"https:\/\/www.keramika.com\/slovenija\/wp-json\/wp\/v2\/types\/product"}],"wp:featuredmedia":[{"embeddable":true,"href":"https:\/\/www.keramika.com\/slovenija\/wp-json\/wp\/v2\/media\/107636"}],"wp:attachment":[{"href":"https:\/\/www.keramika.com\/slovenija\/wp-json\/wp\/v2\/media?parent=107635"}],"wp:term":[{"taxonomy":"product_cat","embeddable":true,"href":"https:\/\/www.keramika.com\/slovenija\/wp-json\/wp\/v2\/product_cat?post=107635"},{"taxonomy":"product_tag","embeddable":true,"href":"https:\/\/www.keramika.com\/slovenija\/wp-json\/wp\/v2\/product_tag?post=107635"}],"curies":[{"name":"wp","href":"https:\/\/api.w.org\/{rel}","templated":true}]}}