{"id":107627,"date":"2017-03-23T02:45:57","date_gmt":"2017-03-23T02:45:57","guid":{"rendered":"http:\/\/keramika.holest.com\/slovenija\/product\/nordik-beige\/"},"modified":"2026-01-05T00:01:19","modified_gmt":"2026-01-05T00:01:19","slug":"nordik-beige","status":"publish","type":"product","link":"https:\/\/www.keramika.com\/slovenija\/nordik-beige\/","title":{"rendered":"Nordik Beige"},"content":{"rendered":"<p>Debelina plo\u0161\u010dice je zelo pomembna in mm uvr\u0161\u010da to plo\u0161\u010dico med najkvalitetnej\u0161e. Plo\u0161\u010dica na sliki je velika 45&#215;45 cm. Nordik Beige je plo\u0161\u010dica proizvajalca Cicogres in prihaja iz \u0160panije. Redna cena te plo\u0161\u010dice v maloprodaji zna\u0161a 17,22 EUR, v na\u0161i spletni trgovini pa jo lahko dobite \u017ee za 13,78 EUR. Zelo moderna plo\u0161\u010dica v be\u017e barvi popestri prav vsak prostor.<\/p>\n<p>Kliknite na ime kolekcije za ogled vseh plo\u0161\u010dic iz te serije: <a class=\"pdfcatal\" href=\"\/\/www.ceramictiles.com\/pdf\/cicogres\/catalogue_cicogres_nordik.pdf\" onclick=\"recordOutboundLink(this, 'E-mail', 'Description PDF');return false;\">Cicogres Nordik<\/a><\/p>\n<p>\u010ce \u017eelite naro\u010diti model iz pdf kataloga te kolekcije, nam pi\u0161ite na: <a href=\"mailto:keramoteka.salon@gmail.com\" onclick=\"recordOutboundLink(this, 'E-mail', 'Description mail');return false;\">keramoteka.salon@gmail.com<\/a> ali pa nas pokli\u010dite na: +386 31 255 900.<\/p>\n","protected":false},"excerpt":{"rendered":"<p>Debelina plo\u0161\u010dice je zelo pomembna in mm uvr\u0161\u010da to plo\u0161\u010dico med najkvalitetnej\u0161e. Plo\u0161\u010dica na sliki je velika 45&#215;45 cm. Nordik Beige je plo\u0161\u010dica proizvajalca Cicogres in prihaja iz \u0160panije. Redna cena te plo\u0161\u010dice v maloprodaji zna\u0161a 17,22 EUR, v na\u0161i spletni trgovini pa jo lahko dobite \u017ee za 13,78 EUR. Zelo moderna plo\u0161\u010dica v be\u017e [&hellip;]<\/p>\n","protected":false},"featured_media":107628,"template":"","meta":[],"product_cat":[999964,200,999],"product_tag":[],"_links":{"self":[{"href":"https:\/\/www.keramika.com\/slovenija\/wp-json\/wp\/v2\/product\/107627"}],"collection":[{"href":"https:\/\/www.keramika.com\/slovenija\/wp-json\/wp\/v2\/product"}],"about":[{"href":"https:\/\/www.keramika.com\/slovenija\/wp-json\/wp\/v2\/types\/product"}],"wp:featuredmedia":[{"embeddable":true,"href":"https:\/\/www.keramika.com\/slovenija\/wp-json\/wp\/v2\/media\/107628"}],"wp:attachment":[{"href":"https:\/\/www.keramika.com\/slovenija\/wp-json\/wp\/v2\/media?parent=107627"}],"wp:term":[{"taxonomy":"product_cat","embeddable":true,"href":"https:\/\/www.keramika.com\/slovenija\/wp-json\/wp\/v2\/product_cat?post=107627"},{"taxonomy":"product_tag","embeddable":true,"href":"https:\/\/www.keramika.com\/slovenija\/wp-json\/wp\/v2\/product_tag?post=107627"}],"curies":[{"name":"wp","href":"https:\/\/api.w.org\/{rel}","templated":true}]}}