{"id":107621,"date":"2017-03-23T02:45:38","date_gmt":"2017-03-23T02:45:38","guid":{"rendered":"http:\/\/keramika.holest.com\/slovenija\/product\/napa-beige\/"},"modified":"2026-01-05T00:01:19","modified_gmt":"2026-01-05T00:01:19","slug":"napa-beige","status":"publish","type":"product","link":"https:\/\/www.keramika.com\/slovenija\/napa-beige\/","title":{"rendered":"Napa Beige"},"content":{"rendered":"<p>Napa Beige prihaja iz \u0160panije, ki je znana po zelo kvalitetni keramiki v svetovnem merilu. Debelina kar mm dela to plo\u0161\u010dico zelo trpe\u017eno in presti\u017eno na otip. Z velikostjo 45&#215;45 cm je ta plo\u0161\u010dica primerna ze razli\u010dne povr\u0161ine. V redni prodaji bi morali za to plo\u0161\u010dico od\u0161teti 18,12 EUR, spletna cena pa zna\u0161a le 14,5 EUR. Pri izbiri plo\u0161\u010dice v be\u017e barvi ne morete zgre\u0161iti.<\/p>\n<p>Kliknite na ime kolekcije za ogled vseh plo\u0161\u010dic iz te serije: <a class=\"pdfcatal\" href=\"\/\/www.ceramictiles.com\/pdf\/cicogres\/catalogue_cicogres_napa.pdf\" onclick=\"recordOutboundLink(this, 'E-mail', 'Description PDF');return false;\">Cicogres Napa<\/a><\/p>\n<p>\u010ce \u017eelite naro\u010diti model iz pdf kataloga te kolekcije, nam pi\u0161ite na: <a href=\"mailto:keramoteka.salon@gmail.com\" onclick=\"recordOutboundLink(this, 'E-mail', 'Description mail');return false;\">keramoteka.salon@gmail.com<\/a> ali pa nas pokli\u010dite na: +386 31 255 900.<\/p>\n","protected":false},"excerpt":{"rendered":"<p>Napa Beige prihaja iz \u0160panije, ki je znana po zelo kvalitetni keramiki v svetovnem merilu. Debelina kar mm dela to plo\u0161\u010dico zelo trpe\u017eno in presti\u017eno na otip. Z velikostjo 45&#215;45 cm je ta plo\u0161\u010dica primerna ze razli\u010dne povr\u0161ine. V redni prodaji bi morali za to plo\u0161\u010dico od\u0161teti 18,12 EUR, spletna cena pa zna\u0161a le 14,5 [&hellip;]<\/p>\n","protected":false},"featured_media":107622,"template":"","meta":[],"product_cat":[999964,200,999],"product_tag":[],"_links":{"self":[{"href":"https:\/\/www.keramika.com\/slovenija\/wp-json\/wp\/v2\/product\/107621"}],"collection":[{"href":"https:\/\/www.keramika.com\/slovenija\/wp-json\/wp\/v2\/product"}],"about":[{"href":"https:\/\/www.keramika.com\/slovenija\/wp-json\/wp\/v2\/types\/product"}],"wp:featuredmedia":[{"embeddable":true,"href":"https:\/\/www.keramika.com\/slovenija\/wp-json\/wp\/v2\/media\/107622"}],"wp:attachment":[{"href":"https:\/\/www.keramika.com\/slovenija\/wp-json\/wp\/v2\/media?parent=107621"}],"wp:term":[{"taxonomy":"product_cat","embeddable":true,"href":"https:\/\/www.keramika.com\/slovenija\/wp-json\/wp\/v2\/product_cat?post=107621"},{"taxonomy":"product_tag","embeddable":true,"href":"https:\/\/www.keramika.com\/slovenija\/wp-json\/wp\/v2\/product_tag?post=107621"}],"curies":[{"name":"wp","href":"https:\/\/api.w.org\/{rel}","templated":true}]}}