{"id":107595,"date":"2017-03-23T02:44:05","date_gmt":"2017-03-23T02:44:05","guid":{"rendered":"http:\/\/keramika.holest.com\/slovenija\/product\/legend-nuez\/"},"modified":"2026-01-05T00:01:16","modified_gmt":"2026-01-05T00:01:16","slug":"legend-nuez","status":"publish","type":"product","link":"https:\/\/www.keramika.com\/slovenija\/legend-nuez\/","title":{"rendered":"Legend Nuez"},"content":{"rendered":"<p>Prihaja iz \u0160panije, ki po svetu slovi kot ena bolj\u0161ih proizvajalk kerami\u010dnih plo\u0161\u010dic. Dimenzije te plo\u0161\u010dice so 60&#215;60 cm. mm debeline je dovolj tudi za zahtevnej\u0161e kupce. Pri izbiri plo\u0161\u010dice v be\u017e barvi ne morete zgre\u0161iti. Namesto 26,82 EUR kot bi za to plo\u0161\u010dico od\u0161teli v klasi\u010dni trgovini, boste v na\u0161i spletni prodajalni od\u0161teli le 21,46 EUR.<\/p>\n<p>Kliknite na ime kolekcije za ogled vseh plo\u0161\u010dic iz te serije: <a class=\"pdfcatal\" href=\"\/\/www.ceramictiles.com\/pdf\/cicogres\/catalogue_cicogres_legend.pdf\" onclick=\"recordOutboundLink(this, 'E-mail', 'Description PDF');return false;\">Cicogres Legend<\/a><\/p>\n<p>\u010ce \u017eelite naro\u010diti model iz pdf kataloga te kolekcije, nam pi\u0161ite na: <a href=\"mailto:keramoteka.salon@gmail.com\" onclick=\"recordOutboundLink(this, 'E-mail', 'Description mail');return false;\">keramoteka.salon@gmail.com<\/a> ali pa nas pokli\u010dite na: +386 31 255 900.<\/p>\n","protected":false},"excerpt":{"rendered":"<p>Prihaja iz \u0160panije, ki po svetu slovi kot ena bolj\u0161ih proizvajalk kerami\u010dnih plo\u0161\u010dic. Dimenzije te plo\u0161\u010dice so 60&#215;60 cm. mm debeline je dovolj tudi za zahtevnej\u0161e kupce. Pri izbiri plo\u0161\u010dice v be\u017e barvi ne morete zgre\u0161iti. Namesto 26,82 EUR kot bi za to plo\u0161\u010dico od\u0161teli v klasi\u010dni trgovini, boste v na\u0161i spletni prodajalni od\u0161teli le [&hellip;]<\/p>\n","protected":false},"featured_media":107596,"template":"","meta":[],"product_cat":[999964,200,999],"product_tag":[],"_links":{"self":[{"href":"https:\/\/www.keramika.com\/slovenija\/wp-json\/wp\/v2\/product\/107595"}],"collection":[{"href":"https:\/\/www.keramika.com\/slovenija\/wp-json\/wp\/v2\/product"}],"about":[{"href":"https:\/\/www.keramika.com\/slovenija\/wp-json\/wp\/v2\/types\/product"}],"wp:featuredmedia":[{"embeddable":true,"href":"https:\/\/www.keramika.com\/slovenija\/wp-json\/wp\/v2\/media\/107596"}],"wp:attachment":[{"href":"https:\/\/www.keramika.com\/slovenija\/wp-json\/wp\/v2\/media?parent=107595"}],"wp:term":[{"taxonomy":"product_cat","embeddable":true,"href":"https:\/\/www.keramika.com\/slovenija\/wp-json\/wp\/v2\/product_cat?post=107595"},{"taxonomy":"product_tag","embeddable":true,"href":"https:\/\/www.keramika.com\/slovenija\/wp-json\/wp\/v2\/product_tag?post=107595"}],"curies":[{"name":"wp","href":"https:\/\/api.w.org\/{rel}","templated":true}]}}