{"id":107591,"date":"2017-03-23T02:43:50","date_gmt":"2017-03-23T02:43:50","guid":{"rendered":"http:\/\/keramika.holest.com\/slovenija\/product\/kansas-noce\/"},"modified":"2026-01-05T00:01:16","modified_gmt":"2026-01-05T00:01:16","slug":"kansas-noce","status":"publish","type":"product","link":"https:\/\/www.keramika.com\/slovenija\/kansas-noce\/","title":{"rendered":"Kansas Noce"},"content":{"rendered":"<p>Keramika v be\u017e barvi popestri vsak prostor. Z 45&#215;45 cm je ta plo\u0161\u010dica primerna za razli\u010dne podlage. 18,12 EUR v klasi\u010dni trgovini, pri nas pa le 14,5 EUR. Ta plo\u0161\u010dica je debela mm in je zelo trpe\u017ena. To plo\u0161\u010dico je izdelal proizvajalec Cicogres, ki prihaja iz \u0160panije.<\/p>\n<p>Kliknite na ime kolekcije za ogled vseh plo\u0161\u010dic iz te serije: <a class=\"pdfcatal\" href=\"\/\/www.ceramictiles.com\/pdf\/cicogres\/catalogue_cicogres_kansas.pdf\" onclick=\"recordOutboundLink(this, 'E-mail', 'Description PDF');return false;\">Cicogres Kansas<\/a><\/p>\n<p>\u010ce \u017eelite naro\u010diti model iz pdf kataloga te kolekcije, nam pi\u0161ite na: <a href=\"mailto:keramoteka.salon@gmail.com\" onclick=\"recordOutboundLink(this, 'E-mail', 'Description mail');return false;\">keramoteka.salon@gmail.com<\/a> ali pa nas pokli\u010dite na: +386 31 255 900.<\/p>\n","protected":false},"excerpt":{"rendered":"<p>Keramika v be\u017e barvi popestri vsak prostor. Z 45&#215;45 cm je ta plo\u0161\u010dica primerna za razli\u010dne podlage. 18,12 EUR v klasi\u010dni trgovini, pri nas pa le 14,5 EUR. Ta plo\u0161\u010dica je debela mm in je zelo trpe\u017ena. To plo\u0161\u010dico je izdelal proizvajalec Cicogres, ki prihaja iz \u0160panije. Kliknite na ime kolekcije za ogled vseh plo\u0161\u010dic [&hellip;]<\/p>\n","protected":false},"featured_media":107592,"template":"","meta":[],"product_cat":[999964,200,999],"product_tag":[],"_links":{"self":[{"href":"https:\/\/www.keramika.com\/slovenija\/wp-json\/wp\/v2\/product\/107591"}],"collection":[{"href":"https:\/\/www.keramika.com\/slovenija\/wp-json\/wp\/v2\/product"}],"about":[{"href":"https:\/\/www.keramika.com\/slovenija\/wp-json\/wp\/v2\/types\/product"}],"wp:featuredmedia":[{"embeddable":true,"href":"https:\/\/www.keramika.com\/slovenija\/wp-json\/wp\/v2\/media\/107592"}],"wp:attachment":[{"href":"https:\/\/www.keramika.com\/slovenija\/wp-json\/wp\/v2\/media?parent=107591"}],"wp:term":[{"taxonomy":"product_cat","embeddable":true,"href":"https:\/\/www.keramika.com\/slovenija\/wp-json\/wp\/v2\/product_cat?post=107591"},{"taxonomy":"product_tag","embeddable":true,"href":"https:\/\/www.keramika.com\/slovenija\/wp-json\/wp\/v2\/product_tag?post=107591"}],"curies":[{"name":"wp","href":"https:\/\/api.w.org\/{rel}","templated":true}]}}