{"id":107589,"date":"2017-03-23T02:43:44","date_gmt":"2017-03-23T02:43:44","guid":{"rendered":"http:\/\/keramika.holest.com\/slovenija\/product\/jaipur-beige\/"},"modified":"2026-01-05T00:01:16","modified_gmt":"2026-01-05T00:01:16","slug":"jaipur-beige","status":"publish","type":"product","link":"https:\/\/www.keramika.com\/slovenija\/jaipur-beige\/","title":{"rendered":"Jaipur Beige"},"content":{"rendered":"<p>Keramika v be\u017e barvi popestri vsak prostor. Redna cena te plo\u0161\u010dice v maloprodaji zna\u0161a 18,12 EUR, v na\u0161i spletni trgovini pa jo lahko dobite \u017ee za 14,5 EUR. To plo\u0161\u010dico je izdelal proizvajalec Cicogres, ki prihaja iz \u0160panije. Debelina kar mm dela to plo\u0161\u010dico zelo trpe\u017eno in presti\u017eno na otip. \u0160irina in dol\u017eina te plo\u0161\u010dice sta 45&#215;45 cm.<\/p>\n<p>Kliknite na ime kolekcije za ogled vseh plo\u0161\u010dic iz te serije: <a class=\"pdfcatal\" href=\"\/\/www.ceramictiles.com\/pdf\/cicogres\/catalogue_cicogres_jaipur.pdf\" onclick=\"recordOutboundLink(this, 'E-mail', 'Description PDF');return false;\">Cicogres Jaipur<\/a><\/p>\n<p>\u010ce \u017eelite naro\u010diti model iz pdf kataloga te kolekcije, nam pi\u0161ite na: <a href=\"mailto:keramoteka.salon@gmail.com\" onclick=\"recordOutboundLink(this, 'E-mail', 'Description mail');return false;\">keramoteka.salon@gmail.com<\/a> ali pa nas pokli\u010dite na: +386 31 255 900.<\/p>\n","protected":false},"excerpt":{"rendered":"<p>Keramika v be\u017e barvi popestri vsak prostor. Redna cena te plo\u0161\u010dice v maloprodaji zna\u0161a 18,12 EUR, v na\u0161i spletni trgovini pa jo lahko dobite \u017ee za 14,5 EUR. To plo\u0161\u010dico je izdelal proizvajalec Cicogres, ki prihaja iz \u0160panije. Debelina kar mm dela to plo\u0161\u010dico zelo trpe\u017eno in presti\u017eno na otip. \u0160irina in dol\u017eina te plo\u0161\u010dice [&hellip;]<\/p>\n","protected":false},"featured_media":107590,"template":"","meta":[],"product_cat":[999964,999],"product_tag":[],"_links":{"self":[{"href":"https:\/\/www.keramika.com\/slovenija\/wp-json\/wp\/v2\/product\/107589"}],"collection":[{"href":"https:\/\/www.keramika.com\/slovenija\/wp-json\/wp\/v2\/product"}],"about":[{"href":"https:\/\/www.keramika.com\/slovenija\/wp-json\/wp\/v2\/types\/product"}],"wp:featuredmedia":[{"embeddable":true,"href":"https:\/\/www.keramika.com\/slovenija\/wp-json\/wp\/v2\/media\/107590"}],"wp:attachment":[{"href":"https:\/\/www.keramika.com\/slovenija\/wp-json\/wp\/v2\/media?parent=107589"}],"wp:term":[{"taxonomy":"product_cat","embeddable":true,"href":"https:\/\/www.keramika.com\/slovenija\/wp-json\/wp\/v2\/product_cat?post=107589"},{"taxonomy":"product_tag","embeddable":true,"href":"https:\/\/www.keramika.com\/slovenija\/wp-json\/wp\/v2\/product_tag?post=107589"}],"curies":[{"name":"wp","href":"https:\/\/api.w.org\/{rel}","templated":true}]}}