{"id":107585,"date":"2017-03-23T02:43:30","date_gmt":"2017-03-23T02:43:30","guid":{"rendered":"http:\/\/keramika.holest.com\/slovenija\/product\/isparta-beige\/"},"modified":"2026-01-05T00:01:16","modified_gmt":"2026-01-05T00:01:16","slug":"isparta-beige","status":"publish","type":"product","link":"https:\/\/www.keramika.com\/slovenija\/isparta-beige\/","title":{"rendered":"Isparta Beige"},"content":{"rendered":"<p>Isparta Beige prihaja iz \u0160panije, ki je znana po zelo kvalitetni keramiki v svetovnem merilu. Plo\u0161\u010dica je debela kar mm, kar jo uvr\u0161\u010da med bolj trde plo\u0161\u010dice. Z 60&#215;60 cm je ta plo\u0161\u010dica primerna za razli\u010dne podlage. Redna cena te plo\u0161\u010dice v maloprodaji zna\u0161a 22,62 EUR, v na\u0161i spletni trgovini pa jo lahko dobite \u017ee za 18,1 EUR. Keramika v be\u017e barvi popestri vsak prostor.<\/p>\n<p>Kliknite na ime kolekcije za ogled vseh plo\u0161\u010dic iz te serije: <a class=\"pdfcatal\" href=\"\/\/www.ceramictiles.com\/pdf\/cicogres\/catalogue_cicogres_isparta.pdf\" onclick=\"recordOutboundLink(this, 'E-mail', 'Description PDF');return false;\">Cicogres Isparta<\/a><\/p>\n<p>\u010ce \u017eelite naro\u010diti model iz pdf kataloga te kolekcije, nam pi\u0161ite na: <a href=\"mailto:keramoteka.salon@gmail.com\" onclick=\"recordOutboundLink(this, 'E-mail', 'Description mail');return false;\">keramoteka.salon@gmail.com<\/a> ali pa nas pokli\u010dite na: +386 31 255 900.<\/p>\n","protected":false},"excerpt":{"rendered":"<p>Isparta Beige prihaja iz \u0160panije, ki je znana po zelo kvalitetni keramiki v svetovnem merilu. Plo\u0161\u010dica je debela kar mm, kar jo uvr\u0161\u010da med bolj trde plo\u0161\u010dice. Z 60&#215;60 cm je ta plo\u0161\u010dica primerna za razli\u010dne podlage. Redna cena te plo\u0161\u010dice v maloprodaji zna\u0161a 22,62 EUR, v na\u0161i spletni trgovini pa jo lahko dobite \u017ee [&hellip;]<\/p>\n","protected":false},"featured_media":107586,"template":"","meta":[],"product_cat":[999964,999],"product_tag":[],"_links":{"self":[{"href":"https:\/\/www.keramika.com\/slovenija\/wp-json\/wp\/v2\/product\/107585"}],"collection":[{"href":"https:\/\/www.keramika.com\/slovenija\/wp-json\/wp\/v2\/product"}],"about":[{"href":"https:\/\/www.keramika.com\/slovenija\/wp-json\/wp\/v2\/types\/product"}],"wp:featuredmedia":[{"embeddable":true,"href":"https:\/\/www.keramika.com\/slovenija\/wp-json\/wp\/v2\/media\/107586"}],"wp:attachment":[{"href":"https:\/\/www.keramika.com\/slovenija\/wp-json\/wp\/v2\/media?parent=107585"}],"wp:term":[{"taxonomy":"product_cat","embeddable":true,"href":"https:\/\/www.keramika.com\/slovenija\/wp-json\/wp\/v2\/product_cat?post=107585"},{"taxonomy":"product_tag","embeddable":true,"href":"https:\/\/www.keramika.com\/slovenija\/wp-json\/wp\/v2\/product_tag?post=107585"}],"curies":[{"name":"wp","href":"https:\/\/api.w.org\/{rel}","templated":true}]}}