{"id":107573,"date":"2017-03-23T02:42:52","date_gmt":"2017-03-23T02:42:52","guid":{"rendered":"http:\/\/keramika.holest.com\/slovenija\/product\/granada-tierra\/"},"modified":"2026-01-05T00:01:15","modified_gmt":"2026-01-05T00:01:15","slug":"granada-tierra","status":"publish","type":"product","link":"https:\/\/www.keramika.com\/slovenija\/granada-tierra\/","title":{"rendered":"Granada Tierra"},"content":{"rendered":"<p>mm debeline je dovolj tudi za zahtevnej\u0161e kupce. Granada Tierra je plo\u0161\u010dica proizvajalca Cicogres in prihaja iz \u0160panije. Granada Tierra je na voljo po zelo ugodni ceni 14,5 EUR. Keramika v rjavi barvi popestri vsak prostor. \u0160irina in dol\u017eina te plo\u0161\u010dice sta 45&#215;45 cm.<\/p>\n<p>Kliknite na ime kolekcije za ogled vseh plo\u0161\u010dic iz te serije: <a class=\"pdfcatal\" href=\"\/\/www.ceramictiles.com\/pdf\/cicogres\/catalogue_cicogres_granada.pdf\" onclick=\"recordOutboundLink(this, 'E-mail', 'Description PDF');return false;\">Cicogres Granada<\/a><\/p>\n<p>\u010ce \u017eelite naro\u010diti model iz pdf kataloga te kolekcije, nam pi\u0161ite na: <a href=\"mailto:keramoteka.salon@gmail.com\" onclick=\"recordOutboundLink(this, 'E-mail', 'Description mail');return false;\">keramoteka.salon@gmail.com<\/a> ali pa nas pokli\u010dite na: +386 31 255 900.<\/p>\n","protected":false},"excerpt":{"rendered":"<p>mm debeline je dovolj tudi za zahtevnej\u0161e kupce. Granada Tierra je plo\u0161\u010dica proizvajalca Cicogres in prihaja iz \u0160panije. Granada Tierra je na voljo po zelo ugodni ceni 14,5 EUR. Keramika v rjavi barvi popestri vsak prostor. \u0160irina in dol\u017eina te plo\u0161\u010dice sta 45&#215;45 cm. Kliknite na ime kolekcije za ogled vseh plo\u0161\u010dic iz te serije: [&hellip;]<\/p>\n","protected":false},"featured_media":107574,"template":"","meta":[],"product_cat":[999964,999],"product_tag":[],"_links":{"self":[{"href":"https:\/\/www.keramika.com\/slovenija\/wp-json\/wp\/v2\/product\/107573"}],"collection":[{"href":"https:\/\/www.keramika.com\/slovenija\/wp-json\/wp\/v2\/product"}],"about":[{"href":"https:\/\/www.keramika.com\/slovenija\/wp-json\/wp\/v2\/types\/product"}],"wp:featuredmedia":[{"embeddable":true,"href":"https:\/\/www.keramika.com\/slovenija\/wp-json\/wp\/v2\/media\/107574"}],"wp:attachment":[{"href":"https:\/\/www.keramika.com\/slovenija\/wp-json\/wp\/v2\/media?parent=107573"}],"wp:term":[{"taxonomy":"product_cat","embeddable":true,"href":"https:\/\/www.keramika.com\/slovenija\/wp-json\/wp\/v2\/product_cat?post=107573"},{"taxonomy":"product_tag","embeddable":true,"href":"https:\/\/www.keramika.com\/slovenija\/wp-json\/wp\/v2\/product_tag?post=107573"}],"curies":[{"name":"wp","href":"https:\/\/api.w.org\/{rel}","templated":true}]}}