{"id":107561,"date":"2017-03-23T02:42:09","date_gmt":"2017-03-23T02:42:09","guid":{"rendered":"http:\/\/keramika.holest.com\/slovenija\/product\/ethernity\/"},"modified":"2026-01-05T00:01:14","modified_gmt":"2026-01-05T00:01:14","slug":"ethernity","status":"publish","type":"product","link":"https:\/\/www.keramika.com\/slovenija\/ethernity\/","title":{"rendered":"Ethernity"},"content":{"rendered":"<p>Z 60&#215;60 cm je ta plo\u0161\u010dica primerna za razli\u010dne podlage. Ethernity prihaja iz \u0160panije, ki je znana po zelo kvalitetni keramiki v svetovnem merilu. Ethernity je na voljo po zelo ugodni ceni 19,3 EUR. mm debeline je dovolj tudi za zahtevnej\u0161e kupce. Ta kerami\u010dna plo\u0161\u010dica v \u010dudoviti beli barvi bo obogatila vsak prostor.<\/p>\n<p>Kliknite na ime kolekcije za ogled vseh plo\u0161\u010dic iz te serije: <a class=\"pdfcatal\" href=\"\/\/www.ceramictiles.com\/pdf\/cicogres\/catalogue_cicogres_ethernity.pdf\" onclick=\"recordOutboundLink(this, 'E-mail', 'Description PDF');return false;\">Cicogres Ethernity<\/a><\/p>\n<p>\u010ce \u017eelite naro\u010diti model iz pdf kataloga te kolekcije, nam pi\u0161ite na: <a href=\"mailto:keramoteka.salon@gmail.com\" onclick=\"recordOutboundLink(this, 'E-mail', 'Description mail');return false;\">keramoteka.salon@gmail.com<\/a> ali pa nas pokli\u010dite na: +386 31 255 900.<\/p>\n","protected":false},"excerpt":{"rendered":"<p>Z 60&#215;60 cm je ta plo\u0161\u010dica primerna za razli\u010dne podlage. Ethernity prihaja iz \u0160panije, ki je znana po zelo kvalitetni keramiki v svetovnem merilu. Ethernity je na voljo po zelo ugodni ceni 19,3 EUR. mm debeline je dovolj tudi za zahtevnej\u0161e kupce. Ta kerami\u010dna plo\u0161\u010dica v \u010dudoviti beli barvi bo obogatila vsak prostor. Kliknite na [&hellip;]<\/p>\n","protected":false},"featured_media":107562,"template":"","meta":[],"product_cat":[999964,999],"product_tag":[],"_links":{"self":[{"href":"https:\/\/www.keramika.com\/slovenija\/wp-json\/wp\/v2\/product\/107561"}],"collection":[{"href":"https:\/\/www.keramika.com\/slovenija\/wp-json\/wp\/v2\/product"}],"about":[{"href":"https:\/\/www.keramika.com\/slovenija\/wp-json\/wp\/v2\/types\/product"}],"wp:featuredmedia":[{"embeddable":true,"href":"https:\/\/www.keramika.com\/slovenija\/wp-json\/wp\/v2\/media\/107562"}],"wp:attachment":[{"href":"https:\/\/www.keramika.com\/slovenija\/wp-json\/wp\/v2\/media?parent=107561"}],"wp:term":[{"taxonomy":"product_cat","embeddable":true,"href":"https:\/\/www.keramika.com\/slovenija\/wp-json\/wp\/v2\/product_cat?post=107561"},{"taxonomy":"product_tag","embeddable":true,"href":"https:\/\/www.keramika.com\/slovenija\/wp-json\/wp\/v2\/product_tag?post=107561"}],"curies":[{"name":"wp","href":"https:\/\/api.w.org\/{rel}","templated":true}]}}