{"id":107559,"date":"2017-03-23T02:42:02","date_gmt":"2017-03-23T02:42:02","guid":{"rendered":"http:\/\/keramika.holest.com\/slovenija\/product\/emotion-blanco\/"},"modified":"2026-01-05T00:01:14","modified_gmt":"2026-01-05T00:01:14","slug":"emotion-blanco","status":"publish","type":"product","link":"https:\/\/www.keramika.com\/slovenija\/emotion-blanco\/","title":{"rendered":"Emotion Blanco"},"content":{"rendered":"<p>Na spletu boste za to plo\u0161\u010dico od\u0161teli le 14,5 EUR, medtem ko v redni prodaji cena zna\u0161a 18,12 EUR. To plo\u0161\u010dico je izdelal proizvajalec Cicogres, ki prihaja iz \u0160panije. Debelina kar mm dela to plo\u0161\u010dico zelo trpe\u017eno in presti\u017eno na otip. Velikost te plo\u0161\u010dice je 50&#215;20 cm. Ta plo\u0161\u010dica je na voljo v \u010dudoviti beli barvi, \u010de \u017eelite kak\u0161no drugo barvo pa nas kontaktirajte in preverili bomo pri proizvajalcu.<\/p>\n<p>Kliknite na ime kolekcije za ogled vseh plo\u0161\u010dic iz te serije: <a class=\"pdfcatal\" href=\"\/\/www.ceramictiles.com\/pdf\/cicogres\/catalogue_cicogres_emotion.pdf\" onclick=\"recordOutboundLink(this, 'E-mail', 'Description PDF');return false;\">Cicogres Emotion<\/a><\/p>\n<p>\u010ce \u017eelite naro\u010diti model iz pdf kataloga te kolekcije, nam pi\u0161ite na: <a href=\"mailto:keramoteka.salon@gmail.com\" onclick=\"recordOutboundLink(this, 'E-mail', 'Description mail');return false;\">keramoteka.salon@gmail.com<\/a> ali pa nas pokli\u010dite na: +386 31 255 900.<\/p>\n","protected":false},"excerpt":{"rendered":"<p>Na spletu boste za to plo\u0161\u010dico od\u0161teli le 14,5 EUR, medtem ko v redni prodaji cena zna\u0161a 18,12 EUR. To plo\u0161\u010dico je izdelal proizvajalec Cicogres, ki prihaja iz \u0160panije. Debelina kar mm dela to plo\u0161\u010dico zelo trpe\u017eno in presti\u017eno na otip. Velikost te plo\u0161\u010dice je 50&#215;20 cm. Ta plo\u0161\u010dica je na voljo v \u010dudoviti beli [&hellip;]<\/p>\n","protected":false},"featured_media":107560,"template":"","meta":[],"product_cat":[999964,999],"product_tag":[],"_links":{"self":[{"href":"https:\/\/www.keramika.com\/slovenija\/wp-json\/wp\/v2\/product\/107559"}],"collection":[{"href":"https:\/\/www.keramika.com\/slovenija\/wp-json\/wp\/v2\/product"}],"about":[{"href":"https:\/\/www.keramika.com\/slovenija\/wp-json\/wp\/v2\/types\/product"}],"wp:featuredmedia":[{"embeddable":true,"href":"https:\/\/www.keramika.com\/slovenija\/wp-json\/wp\/v2\/media\/107560"}],"wp:attachment":[{"href":"https:\/\/www.keramika.com\/slovenija\/wp-json\/wp\/v2\/media?parent=107559"}],"wp:term":[{"taxonomy":"product_cat","embeddable":true,"href":"https:\/\/www.keramika.com\/slovenija\/wp-json\/wp\/v2\/product_cat?post=107559"},{"taxonomy":"product_tag","embeddable":true,"href":"https:\/\/www.keramika.com\/slovenija\/wp-json\/wp\/v2\/product_tag?post=107559"}],"curies":[{"name":"wp","href":"https:\/\/api.w.org\/{rel}","templated":true}]}}