{"id":107531,"date":"2017-03-23T02:40:23","date_gmt":"2017-03-23T02:40:23","guid":{"rendered":"http:\/\/keramika.holest.com\/slovenija\/product\/arles-cuero\/"},"modified":"2026-01-05T00:01:12","modified_gmt":"2026-01-05T00:01:12","slug":"arles-cuero","status":"publish","type":"product","link":"https:\/\/www.keramika.com\/slovenija\/arles-cuero\/","title":{"rendered":"Arles Cuero"},"content":{"rendered":"<p>Ta kerami\u010dna plo\u0161\u010dica v \u010dudoviti rjavi barvi bo obogatila vsak prostor. Arles Cuero prihaja iz \u0160panije, ki je znana po zelo kvalitetni keramiki v svetovnem merilu. Na spletu boste za to plo\u0161\u010dico od\u0161teli le 14,5 EUR, medtem ko v redni prodaji cena zna\u0161a 18,12 EUR. Plo\u0161\u010dica na sliki je velika 45&#215;45 cm. Ta plo\u0161\u010dica je debela mm in je zelo trpe\u017ena.<\/p>\n<p>Kliknite na ime kolekcije za ogled vseh plo\u0161\u010dic iz te serije: <a class=\"pdfcatal\" href=\"\/\/www.ceramictiles.com\/pdf\/cicogres\/catalogue_cicogres_arles.pdf\" onclick=\"recordOutboundLink(this, 'E-mail', 'Description PDF');return false;\">Cicogres Arles<\/a><\/p>\n<p>\u010ce \u017eelite naro\u010diti model iz pdf kataloga te kolekcije, nam pi\u0161ite na: <a href=\"mailto:keramoteka.salon@gmail.com\" onclick=\"recordOutboundLink(this, 'E-mail', 'Description mail');return false;\">keramoteka.salon@gmail.com<\/a> ali pa nas pokli\u010dite na: +386 31 255 900.<\/p>\n","protected":false},"excerpt":{"rendered":"<p>Ta kerami\u010dna plo\u0161\u010dica v \u010dudoviti rjavi barvi bo obogatila vsak prostor. Arles Cuero prihaja iz \u0160panije, ki je znana po zelo kvalitetni keramiki v svetovnem merilu. Na spletu boste za to plo\u0161\u010dico od\u0161teli le 14,5 EUR, medtem ko v redni prodaji cena zna\u0161a 18,12 EUR. Plo\u0161\u010dica na sliki je velika 45&#215;45 cm. Ta plo\u0161\u010dica je [&hellip;]<\/p>\n","protected":false},"featured_media":107532,"template":"","meta":[],"product_cat":[999964,999],"product_tag":[],"_links":{"self":[{"href":"https:\/\/www.keramika.com\/slovenija\/wp-json\/wp\/v2\/product\/107531"}],"collection":[{"href":"https:\/\/www.keramika.com\/slovenija\/wp-json\/wp\/v2\/product"}],"about":[{"href":"https:\/\/www.keramika.com\/slovenija\/wp-json\/wp\/v2\/types\/product"}],"wp:featuredmedia":[{"embeddable":true,"href":"https:\/\/www.keramika.com\/slovenija\/wp-json\/wp\/v2\/media\/107532"}],"wp:attachment":[{"href":"https:\/\/www.keramika.com\/slovenija\/wp-json\/wp\/v2\/media?parent=107531"}],"wp:term":[{"taxonomy":"product_cat","embeddable":true,"href":"https:\/\/www.keramika.com\/slovenija\/wp-json\/wp\/v2\/product_cat?post=107531"},{"taxonomy":"product_tag","embeddable":true,"href":"https:\/\/www.keramika.com\/slovenija\/wp-json\/wp\/v2\/product_tag?post=107531"}],"curies":[{"name":"wp","href":"https:\/\/api.w.org\/{rel}","templated":true}]}}