{"id":107517,"date":"2017-03-23T02:39:37","date_gmt":"2017-03-23T02:39:37","guid":{"rendered":"http:\/\/keramika.holest.com\/slovenija\/product\/ploscice-imitacija-kamna-natucer-stone-klinker-bone\/"},"modified":"2026-01-05T00:01:11","modified_gmt":"2026-01-05T00:01:11","slug":"ploscice-imitacija-kamna-natucer-stone-klinker-bone","status":"publish","type":"product","link":"https:\/\/www.keramika.com\/slovenija\/ploscice-imitacija-kamna-natucer-stone-klinker-bone\/","title":{"rendered":"Plo\u0161\u010dice imitacija kamna Natucer Stone Klinker Bone"},"content":{"rendered":"<p>45,73 EUR v klasi\u010dni trgovini, pri nas pa le 36,59 EUR. Natucer Stone Klinker Bone prihaja iz \u0160panije, ki je znana po zelo kvalitetni keramiki v svetovnem merilu. Letos so plo\u0161\u010dice v be\u017e barvi zelo za\u017eeljene. mm je debelina, ki zadovolji tudi zahtevnej\u0161e kupce. \u0160irina in dol\u017eina te plo\u0161\u010dice sta 36&#215;36 cm.<\/p>\n<p>Kliknite na ime kolekcije za ogled vseh plo\u0161\u010dic iz te serije: <a class=\"pdfcatal\" href=\"\/\/www.ceramictiles.com\/pdf\/natucer\/catalogue_natucer_stone_klinker.pdf\" onclick=\"recordOutboundLink(this, 'E-mail', 'Description PDF');return false;\">Natucer Ceramica Stone Klinker<\/a><\/p>\n<p>\u010ce \u017eelite naro\u010diti model iz pdf kataloga te kolekcije, nam pi\u0161ite na: <a href=\"mailto:keramoteka.salon@gmail.com\" onclick=\"recordOutboundLink(this, 'E-mail', 'Description mail');return false;\">keramoteka.salon@gmail.com<\/a> ali pa nas pokli\u010dite na: +386 31 255 900.<\/p>\n","protected":false},"excerpt":{"rendered":"<p>45,73 EUR v klasi\u010dni trgovini, pri nas pa le 36,59 EUR. Natucer Stone Klinker Bone prihaja iz \u0160panije, ki je znana po zelo kvalitetni keramiki v svetovnem merilu. Letos so plo\u0161\u010dice v be\u017e barvi zelo za\u017eeljene. mm je debelina, ki zadovolji tudi zahtevnej\u0161e kupce. \u0160irina in dol\u017eina te plo\u0161\u010dice sta 36&#215;36 cm. Kliknite na ime [&hellip;]<\/p>\n","protected":false},"featured_media":107518,"template":"","meta":[],"product_cat":[150,100,9991435,120,999,110],"product_tag":[],"_links":{"self":[{"href":"https:\/\/www.keramika.com\/slovenija\/wp-json\/wp\/v2\/product\/107517"}],"collection":[{"href":"https:\/\/www.keramika.com\/slovenija\/wp-json\/wp\/v2\/product"}],"about":[{"href":"https:\/\/www.keramika.com\/slovenija\/wp-json\/wp\/v2\/types\/product"}],"wp:featuredmedia":[{"embeddable":true,"href":"https:\/\/www.keramika.com\/slovenija\/wp-json\/wp\/v2\/media\/107518"}],"wp:attachment":[{"href":"https:\/\/www.keramika.com\/slovenija\/wp-json\/wp\/v2\/media?parent=107517"}],"wp:term":[{"taxonomy":"product_cat","embeddable":true,"href":"https:\/\/www.keramika.com\/slovenija\/wp-json\/wp\/v2\/product_cat?post=107517"},{"taxonomy":"product_tag","embeddable":true,"href":"https:\/\/www.keramika.com\/slovenija\/wp-json\/wp\/v2\/product_tag?post=107517"}],"curies":[{"name":"wp","href":"https:\/\/api.w.org\/{rel}","templated":true}]}}