{"id":107515,"date":"2017-03-23T02:39:29","date_gmt":"2017-03-23T02:39:29","guid":{"rendered":"http:\/\/keramika.holest.com\/slovenija\/product\/talne-ploscice-natucer-simbols-blau-natural\/"},"modified":"2026-01-05T00:01:11","modified_gmt":"2026-01-05T00:01:11","slug":"talne-ploscice-natucer-simbols-blau-natural","status":"publish","type":"product","link":"https:\/\/www.keramika.com\/slovenija\/talne-ploscice-natucer-simbols-blau-natural\/","title":{"rendered":"Talne plo\u0161\u010dice Natucer Simbols Blau Natural"},"content":{"rendered":"<p>Letos so plo\u0161\u010dice v modri barvi zelo za\u017eeljene. Debelina plo\u0161\u010dice je zelo pomembna in mm uvr\u0161\u010da to plo\u0161\u010dico med najkvalitetnej\u0161e. Velikost te plo\u0161\u010dice je 36&#215;36 cm. 54,51 EUR v klasi\u010dni trgovini, pri nas pa le 43,6 EUR. Prihaja iz \u0160panije, ki po svetu slovi kot ena bolj\u0161ih proizvajalk kerami\u010dnih plo\u0161\u010dic.<\/p>\n<p>Kliknite na ime kolekcije za ogled vseh plo\u0161\u010dic iz te serije: <a class=\"pdfcatal\" href=\"\/\/www.ceramictiles.com\/pdf\/natucer\/catalogue_natucer_simbols.pdf\" onclick=\"recordOutboundLink(this, 'E-mail', 'Description PDF');return false;\">Natucer Ceramica Simbols<\/a><\/p>\n<p>\u010ce \u017eelite naro\u010diti model iz pdf kataloga te kolekcije, nam pi\u0161ite na: <a href=\"mailto:keramoteka.salon@gmail.com\" onclick=\"recordOutboundLink(this, 'E-mail', 'Description mail');return false;\">keramoteka.salon@gmail.com<\/a> ali pa nas pokli\u010dite na: +386 31 255 900.<\/p>\n","protected":false},"excerpt":{"rendered":"<p>Letos so plo\u0161\u010dice v modri barvi zelo za\u017eeljene. Debelina plo\u0161\u010dice je zelo pomembna in mm uvr\u0161\u010da to plo\u0161\u010dico med najkvalitetnej\u0161e. Velikost te plo\u0161\u010dice je 36&#215;36 cm. 54,51 EUR v klasi\u010dni trgovini, pri nas pa le 43,6 EUR. Prihaja iz \u0160panije, ki po svetu slovi kot ena bolj\u0161ih proizvajalk kerami\u010dnih plo\u0161\u010dic. Kliknite na ime kolekcije za [&hellip;]<\/p>\n","protected":false},"featured_media":107516,"template":"","meta":[],"product_cat":[150,100,9991435,120,999,110],"product_tag":[],"_links":{"self":[{"href":"https:\/\/www.keramika.com\/slovenija\/wp-json\/wp\/v2\/product\/107515"}],"collection":[{"href":"https:\/\/www.keramika.com\/slovenija\/wp-json\/wp\/v2\/product"}],"about":[{"href":"https:\/\/www.keramika.com\/slovenija\/wp-json\/wp\/v2\/types\/product"}],"wp:featuredmedia":[{"embeddable":true,"href":"https:\/\/www.keramika.com\/slovenija\/wp-json\/wp\/v2\/media\/107516"}],"wp:attachment":[{"href":"https:\/\/www.keramika.com\/slovenija\/wp-json\/wp\/v2\/media?parent=107515"}],"wp:term":[{"taxonomy":"product_cat","embeddable":true,"href":"https:\/\/www.keramika.com\/slovenija\/wp-json\/wp\/v2\/product_cat?post=107515"},{"taxonomy":"product_tag","embeddable":true,"href":"https:\/\/www.keramika.com\/slovenija\/wp-json\/wp\/v2\/product_tag?post=107515"}],"curies":[{"name":"wp","href":"https:\/\/api.w.org\/{rel}","templated":true}]}}