{"id":107509,"date":"2017-03-23T02:39:07","date_gmt":"2017-03-23T02:39:07","guid":{"rendered":"http:\/\/keramika.holest.com\/slovenija\/product\/stenske-dekorativne-ploscice-natucer-row-cube-frost\/"},"modified":"2026-01-05T00:01:10","modified_gmt":"2026-01-05T00:01:10","slug":"stenske-dekorativne-ploscice-natucer-row-cube-frost","status":"publish","type":"product","link":"https:\/\/www.keramika.com\/slovenija\/stenske-dekorativne-ploscice-natucer-row-cube-frost\/","title":{"rendered":"Stenske dekorativne plo\u0161\u010dice Natucer Row Cube Frost"},"content":{"rendered":"<p>Dimenzije te plo\u0161\u010dice so 30&#215;60 cm. Redna cena te plo\u0161\u010dice v maloprodaji zna\u0161a 119,41 EUR, v na\u0161i spletni trgovini pa jo lahko dobite \u017ee za 95,52 EUR. Plo\u0161\u010dica je debela kar mm, kar jo uvr\u0161\u010da med bolj trde plo\u0161\u010dice. Natucer Row Cube Frost prihaja iz \u0160panije, ki je znana po zelo kvalitetni keramiki v svetovnem merilu. Pri izbiri plo\u0161\u010dice v beli barvi ne morete zgre\u0161iti.<\/p>\n<p>Kliknite na ime kolekcije za ogled vseh plo\u0161\u010dic iz te serije: <a class=\"pdfcatal\" href=\"\/\/www.ceramictiles.com\/pdf\/natucer\/catalogue_natucer_rowcube.pdf\" onclick=\"recordOutboundLink(this, 'E-mail', 'Description PDF');return false;\">Natucer Ceramica RowCube<\/a><\/p>\n<p>\u010ce \u017eelite naro\u010diti model iz pdf kataloga te kolekcije, nam pi\u0161ite na: <a href=\"mailto:keramoteka.salon@gmail.com\" onclick=\"recordOutboundLink(this, 'E-mail', 'Description mail');return false;\">keramoteka.salon@gmail.com<\/a> ali pa nas pokli\u010dite na: +386 31 255 900.<\/p>\n","protected":false},"excerpt":{"rendered":"<p>Dimenzije te plo\u0161\u010dice so 30&#215;60 cm. Redna cena te plo\u0161\u010dice v maloprodaji zna\u0161a 119,41 EUR, v na\u0161i spletni trgovini pa jo lahko dobite \u017ee za 95,52 EUR. Plo\u0161\u010dica je debela kar mm, kar jo uvr\u0161\u010da med bolj trde plo\u0161\u010dice. Natucer Row Cube Frost prihaja iz \u0160panije, ki je znana po zelo kvalitetni keramiki v svetovnem [&hellip;]<\/p>\n","protected":false},"featured_media":107510,"template":"","meta":[],"product_cat":[150,100,9991435,120,999,110],"product_tag":[],"_links":{"self":[{"href":"https:\/\/www.keramika.com\/slovenija\/wp-json\/wp\/v2\/product\/107509"}],"collection":[{"href":"https:\/\/www.keramika.com\/slovenija\/wp-json\/wp\/v2\/product"}],"about":[{"href":"https:\/\/www.keramika.com\/slovenija\/wp-json\/wp\/v2\/types\/product"}],"wp:featuredmedia":[{"embeddable":true,"href":"https:\/\/www.keramika.com\/slovenija\/wp-json\/wp\/v2\/media\/107510"}],"wp:attachment":[{"href":"https:\/\/www.keramika.com\/slovenija\/wp-json\/wp\/v2\/media?parent=107509"}],"wp:term":[{"taxonomy":"product_cat","embeddable":true,"href":"https:\/\/www.keramika.com\/slovenija\/wp-json\/wp\/v2\/product_cat?post=107509"},{"taxonomy":"product_tag","embeddable":true,"href":"https:\/\/www.keramika.com\/slovenija\/wp-json\/wp\/v2\/product_tag?post=107509"}],"curies":[{"name":"wp","href":"https:\/\/api.w.org\/{rel}","templated":true}]}}