{"id":107505,"date":"2017-03-23T02:38:54","date_gmt":"2017-03-23T02:38:54","guid":{"rendered":"http:\/\/keramika.holest.com\/slovenija\/product\/ploscice-imitacija-kamna-natucer-pietra-di-firenze-nero\/"},"modified":"2026-01-05T00:01:10","modified_gmt":"2026-01-05T00:01:10","slug":"ploscice-imitacija-kamna-natucer-pietra-di-firenze-nero","status":"publish","type":"product","link":"https:\/\/www.keramika.com\/slovenija\/ploscice-imitacija-kamna-natucer-pietra-di-firenze-nero\/","title":{"rendered":"Plo\u0161\u010dice imitacija kamna Natucer Pietra di Firenze Nero"},"content":{"rendered":"<p>Velikost te plo\u0161\u010dice je 30&#215;60 cm. mm je debelina, ki zadovolji tudi zahtevnej\u0161e kupce. Letos so plo\u0161\u010dice v sivi barvi zelo za\u017eeljene. To plo\u0161\u010dico je izdelal proizvajalec Natucer Ceramica, ki prihaja iz \u0160panije. Natucer Pietra di Firenze Nero je na voljo po zelo ugodni ceni 46,75 EUR.<\/p>\n<p>Kliknite na ime kolekcije za ogled vseh plo\u0161\u010dic iz te serije: <a class=\"pdfcatal\" href=\"\/\/www.ceramictiles.com\/pdf\/natucer\/catalogue_natucer_pietra_di_firenze.pdf\" onclick=\"recordOutboundLink(this, 'E-mail', 'Description PDF');return false;\">Natucer Ceramica Pietra di Firenze<\/a><\/p>\n<p>\u010ce \u017eelite naro\u010diti model iz pdf kataloga te kolekcije, nam pi\u0161ite na: <a href=\"mailto:keramoteka.salon@gmail.com\" onclick=\"recordOutboundLink(this, 'E-mail', 'Description mail');return false;\">keramoteka.salon@gmail.com<\/a> ali pa nas pokli\u010dite na: +386 31 255 900.<\/p>\n","protected":false},"excerpt":{"rendered":"<p>Velikost te plo\u0161\u010dice je 30&#215;60 cm. mm je debelina, ki zadovolji tudi zahtevnej\u0161e kupce. Letos so plo\u0161\u010dice v sivi barvi zelo za\u017eeljene. To plo\u0161\u010dico je izdelal proizvajalec Natucer Ceramica, ki prihaja iz \u0160panije. Natucer Pietra di Firenze Nero je na voljo po zelo ugodni ceni 46,75 EUR. Kliknite na ime kolekcije za ogled vseh plo\u0161\u010dic [&hellip;]<\/p>\n","protected":false},"featured_media":107506,"template":"","meta":[],"product_cat":[150,100,9991435,120,999,110],"product_tag":[],"_links":{"self":[{"href":"https:\/\/www.keramika.com\/slovenija\/wp-json\/wp\/v2\/product\/107505"}],"collection":[{"href":"https:\/\/www.keramika.com\/slovenija\/wp-json\/wp\/v2\/product"}],"about":[{"href":"https:\/\/www.keramika.com\/slovenija\/wp-json\/wp\/v2\/types\/product"}],"wp:featuredmedia":[{"embeddable":true,"href":"https:\/\/www.keramika.com\/slovenija\/wp-json\/wp\/v2\/media\/107506"}],"wp:attachment":[{"href":"https:\/\/www.keramika.com\/slovenija\/wp-json\/wp\/v2\/media?parent=107505"}],"wp:term":[{"taxonomy":"product_cat","embeddable":true,"href":"https:\/\/www.keramika.com\/slovenija\/wp-json\/wp\/v2\/product_cat?post=107505"},{"taxonomy":"product_tag","embeddable":true,"href":"https:\/\/www.keramika.com\/slovenija\/wp-json\/wp\/v2\/product_tag?post=107505"}],"curies":[{"name":"wp","href":"https:\/\/api.w.org\/{rel}","templated":true}]}}