{"id":107503,"date":"2018-01-10T02:38:48","date_gmt":"2018-01-10T02:38:48","guid":{"rendered":"http:\/\/keramika.holest.com\/slovenija\/product\/keramicne-ploscice-za-terase-natucer-piemonte-torino\/"},"modified":"2026-01-05T00:01:10","modified_gmt":"2026-01-05T00:01:10","slug":"keramicne-ploscice-za-terase-natucer-piemonte-torino","status":"publish","type":"product","link":"https:\/\/www.keramika.com\/slovenija\/keramicne-ploscice-za-terase-natucer-piemonte-torino\/","title":{"rendered":"Kerami\u010dne plo\u0161\u010dice za terase Natucer Piemonte Torino"},"content":{"rendered":"<p>Natucer Piemonte Torino prihaja iz \u0160panije, ki je znana po zelo kvalitetni keramiki v svetovnem merilu. mm debeline je dovolj tudi za zahtevnej\u0161e kupce. Pri izbiri plo\u0161\u010dice v rjavi barvi ne morete zgre\u0161iti. Z velikostjo 36&#215;36 cm je ta plo\u0161\u010dica primerna ze razli\u010dne povr\u0161ine. Redna cena te plo\u0161\u010dice v maloprodaji zna\u0161a 45,73 EUR, v na\u0161i spletni trgovini pa jo lahko dobite \u017ee za 36,59 EUR.<\/p>\n<p>Kliknite na ime kolekcije za ogled vseh plo\u0161\u010dic iz te serije: <a class=\"pdfcatal\" href=\"\/\/www.ceramictiles.com\/pdf\/natucer\/catalogue_natucer_piemonte.pdf\">Natucer Ceramica Piemonte<\/a><\/p>\n<p>\u010ce \u017eelite naro\u010diti model iz pdf kataloga te kolekcije, nam pi\u0161ite na: <a href=\"mailto:keramoteka.salon@gmail.com\">keramoteka.salon@gmail.com<\/a> ali pa nas pokli\u010dite na: +386 31 255 900.<\/p>\n<p>3 &#8211; barve: Asti \/ Alessandria; Novarra \/ Biella in Torino \/ Vercelli<br \/>\n5 &#8211; Velikosti: 36&#215;36; 15,5&#215;36; 18&#215;36; 15,5 x 15,5 in 18 x 18<br \/>\n8 &#8211; Posebni deli: \u00c1ngulo Pelda\u00f1o Curvo; Z\u00f3calo; Zanqu\u00edn; V-Cap; Esquina V-Cap; Torello in Esquina Torello<br \/>\n2 &#8211; povr\u0161ina<\/p>\n","protected":false},"excerpt":{"rendered":"<p>Cotto klinker (porcelanska ekstrudirana plo\u0161\u010dica &#8211; mat povr\u0161ina) debeline 9 mm<\/p>\n","protected":false},"featured_media":107504,"template":"","meta":[],"product_cat":[150,100,9991435,120,260,999,240,110],"product_tag":[99921977,99921988],"_links":{"self":[{"href":"https:\/\/www.keramika.com\/slovenija\/wp-json\/wp\/v2\/product\/107503"}],"collection":[{"href":"https:\/\/www.keramika.com\/slovenija\/wp-json\/wp\/v2\/product"}],"about":[{"href":"https:\/\/www.keramika.com\/slovenija\/wp-json\/wp\/v2\/types\/product"}],"wp:featuredmedia":[{"embeddable":true,"href":"https:\/\/www.keramika.com\/slovenija\/wp-json\/wp\/v2\/media\/107504"}],"wp:attachment":[{"href":"https:\/\/www.keramika.com\/slovenija\/wp-json\/wp\/v2\/media?parent=107503"}],"wp:term":[{"taxonomy":"product_cat","embeddable":true,"href":"https:\/\/www.keramika.com\/slovenija\/wp-json\/wp\/v2\/product_cat?post=107503"},{"taxonomy":"product_tag","embeddable":true,"href":"https:\/\/www.keramika.com\/slovenija\/wp-json\/wp\/v2\/product_tag?post=107503"}],"curies":[{"name":"wp","href":"https:\/\/api.w.org\/{rel}","templated":true}]}}