{"id":107499,"date":"2017-06-23T02:38:34","date_gmt":"2017-06-23T02:38:34","guid":{"rendered":"http:\/\/keramika.holest.com\/slovenija\/product\/talne-ploscice-natucer-panal-farina\/"},"modified":"2026-01-05T00:01:10","modified_gmt":"2026-01-05T00:01:10","slug":"talne-ploscice-natucer-panal-farina","status":"publish","type":"product","link":"https:\/\/www.keramika.com\/slovenija\/talne-ploscice-natucer-panal-farina\/","title":{"rendered":"Talne plo\u0161\u010dice Natucer Panal Farina"},"content":{"rendered":"<p>mm debeline je dovolj tudi za zahtevnej\u0161e kupce. Dimenzije te plo\u0161\u010dice so 15&#215;20 cm. Ta plo\u0161\u010dica je na voljo v \u010dudoviti beli barvi, \u010de \u017eelite kak\u0161no drugo barvo pa nas kontaktirajte in preverili bomo pri proizvajalcu. Na spletu boste za to plo\u0161\u010dico od\u0161teli le 95,52 EUR, medtem ko v redni prodaji cena zna\u0161a 119,41 EUR. To plo\u0161\u010dico je izdelal proizvajalec Natucer Ceramica, ki prihaja iz \u0160panije.<\/p>\n<p>Kliknite na ime kolekcije za ogled vseh plo\u0161\u010dic iz te serije: <a class=\"pdfcatal\" href=\"\/\/www.ceramictiles.com\/pdf\/natucer\/catalogue_natucer_panal.pdf\" onclick=\"recordOutboundLink(this, 'E-mail', 'Description PDF');return false;\">Natucer Ceramica Panal<\/a><\/p>\n<p>\u010ce \u017eelite naro\u010diti model iz pdf kataloga te kolekcije, nam pi\u0161ite na: <a href=\"mailto:keramoteka.salon@gmail.com\" onclick=\"recordOutboundLink(this, 'E-mail', 'Description mail');return false;\">keramoteka.salon@gmail.com<\/a> ali pa nas pokli\u010dite na: +386 31 255 900.<\/p>\n<p>Technical description :<br \/>\n14 Colors : Farina \u00b7 Gris \u00b7 Beix \u00b7Truffle \u00b7 Lavander \u00b7Bluish \u00b7 Carbo \u00b7 Dia \u00b7 Menta \u00b7 Caqui \u00b7 Vermell \u00b7 Ciment \u00b7 Turquesa \u00b7 Tabac<br \/>\n4 Sizes : 15X17 \u00b7 6&#8243;X7&#8243; ; 6,5X7,5 \u00b7 2,5&#8243;X3&#8243;\t; 6,5X22,5 \u00b7 2,5&#8243;X8,8&#8243; ; 38X39,5 Enm. \u00b7 15&#8243;X15&#8243;,<br \/>\n2 Surfaces: Gloss \u00b7 Satiny<br \/>\n8 Special Pieces\t: Cenefa Panal B Enm. ; Centro Cela Enm. ; Cenefa Panal A Enm. ; Cenefa Panal 15 Enm. ; Cela Trab. : Media Cela Trab. ; Cela \u00b7 Media Cela\t<\/p>\n","protected":false},"excerpt":{"rendered":"<p><a class=\"pdfcatal\" href=\"\/\/www.ceramictiles.com\/pdf\/catalogue_natucer.pdf\" onclick=\"recordOutboundLink(this, &#039;E-mail&#039;, &#039;Description PDF&#039;);return false;\"> Splo\u0161ni katalog z vsemi zbirkami Natucer v ponudbi<\/a><\/p>\n","protected":false},"featured_media":107500,"template":"","meta":[],"product_cat":[150,100,9991435,120,999,110],"product_tag":[99921970,99921978],"_links":{"self":[{"href":"https:\/\/www.keramika.com\/slovenija\/wp-json\/wp\/v2\/product\/107499"}],"collection":[{"href":"https:\/\/www.keramika.com\/slovenija\/wp-json\/wp\/v2\/product"}],"about":[{"href":"https:\/\/www.keramika.com\/slovenija\/wp-json\/wp\/v2\/types\/product"}],"wp:featuredmedia":[{"embeddable":true,"href":"https:\/\/www.keramika.com\/slovenija\/wp-json\/wp\/v2\/media\/107500"}],"wp:attachment":[{"href":"https:\/\/www.keramika.com\/slovenija\/wp-json\/wp\/v2\/media?parent=107499"}],"wp:term":[{"taxonomy":"product_cat","embeddable":true,"href":"https:\/\/www.keramika.com\/slovenija\/wp-json\/wp\/v2\/product_cat?post=107499"},{"taxonomy":"product_tag","embeddable":true,"href":"https:\/\/www.keramika.com\/slovenija\/wp-json\/wp\/v2\/product_tag?post=107499"}],"curies":[{"name":"wp","href":"https:\/\/api.w.org\/{rel}","templated":true}]}}