{"id":107495,"date":"2017-03-23T02:38:20","date_gmt":"2017-03-23T02:38:20","guid":{"rendered":"http:\/\/keramika.holest.com\/slovenija\/product\/stenske-ploscice-natucer-novecento-blanco-silencio\/"},"modified":"2026-01-05T00:01:09","modified_gmt":"2026-01-05T00:01:09","slug":"stenske-ploscice-natucer-novecento-blanco-silencio","status":"publish","type":"product","link":"https:\/\/www.keramika.com\/slovenija\/stenske-ploscice-natucer-novecento-blanco-silencio\/","title":{"rendered":"Stenske plo\u0161\u010dice Natucer Novecento Blanco Silencio"},"content":{"rendered":"<p>Prihaja iz \u0160panije, ki po svetu slovi kot ena bolj\u0161ih proizvajalk kerami\u010dnih plo\u0161\u010dic. Z 13&#215;13 cm je ta plo\u0161\u010dica primerna za razli\u010dne podlage. Debelina plo\u0161\u010dice je zelo pomembna in mm uvr\u0161\u010da to plo\u0161\u010dico med najkvalitetnej\u0161e. Natucer Novecento Blanco Silencio je na voljo po zelo ugodni ceni 78,8 EUR. Keramika v beli barvi popestri vsak prostor.<\/p>\n<p>Kliknite na ime kolekcije za ogled vseh plo\u0161\u010dic iz te serije: <a class=\"pdfcatal\" href=\"\/\/www.ceramictiles.com\/pdf\/natucer\/catalogue_natucer_novecento.pdf\" onclick=\"recordOutboundLink(this, 'E-mail', 'Description PDF');return false;\">Natucer Ceramica Novecento<\/a><\/p>\n<p>\u010ce \u017eelite naro\u010diti model iz pdf kataloga te kolekcije, nam pi\u0161ite na: <a href=\"mailto:keramoteka.salon@gmail.com\" onclick=\"recordOutboundLink(this, 'E-mail', 'Description mail');return false;\">keramoteka.salon@gmail.com<\/a> ali pa nas pokli\u010dite na: +386 31 255 900.<\/p>\n","protected":false},"excerpt":{"rendered":"<p>Prihaja iz \u0160panije, ki po svetu slovi kot ena bolj\u0161ih proizvajalk kerami\u010dnih plo\u0161\u010dic. Z 13&#215;13 cm je ta plo\u0161\u010dica primerna za razli\u010dne podlage. Debelina plo\u0161\u010dice je zelo pomembna in mm uvr\u0161\u010da to plo\u0161\u010dico med najkvalitetnej\u0161e. Natucer Novecento Blanco Silencio je na voljo po zelo ugodni ceni 78,8 EUR. Keramika v beli barvi popestri vsak prostor. [&hellip;]<\/p>\n","protected":false},"featured_media":107496,"template":"","meta":[],"product_cat":[150,100,9991435,120,999,110],"product_tag":[],"_links":{"self":[{"href":"https:\/\/www.keramika.com\/slovenija\/wp-json\/wp\/v2\/product\/107495"}],"collection":[{"href":"https:\/\/www.keramika.com\/slovenija\/wp-json\/wp\/v2\/product"}],"about":[{"href":"https:\/\/www.keramika.com\/slovenija\/wp-json\/wp\/v2\/types\/product"}],"wp:featuredmedia":[{"embeddable":true,"href":"https:\/\/www.keramika.com\/slovenija\/wp-json\/wp\/v2\/media\/107496"}],"wp:attachment":[{"href":"https:\/\/www.keramika.com\/slovenija\/wp-json\/wp\/v2\/media?parent=107495"}],"wp:term":[{"taxonomy":"product_cat","embeddable":true,"href":"https:\/\/www.keramika.com\/slovenija\/wp-json\/wp\/v2\/product_cat?post=107495"},{"taxonomy":"product_tag","embeddable":true,"href":"https:\/\/www.keramika.com\/slovenija\/wp-json\/wp\/v2\/product_tag?post=107495"}],"curies":[{"name":"wp","href":"https:\/\/api.w.org\/{rel}","templated":true}]}}