{"id":107493,"date":"2017-03-23T02:38:14","date_gmt":"2017-03-23T02:38:14","guid":{"rendered":"http:\/\/keramika.holest.com\/slovenija\/product\/ploscice-za-kopalnico-natucer-look-form-cala\/"},"modified":"2026-01-05T00:01:09","modified_gmt":"2026-01-05T00:01:09","slug":"ploscice-za-kopalnico-natucer-look-form-cala","status":"publish","type":"product","link":"https:\/\/www.keramika.com\/slovenija\/ploscice-za-kopalnico-natucer-look-form-cala\/","title":{"rendered":"Plo\u0161\u010dice za kopalnico Natucer Look Form Cala"},"content":{"rendered":"<p>Dimenzije te plo\u0161\u010dice so 20&#215;40 cm. Debelina kar mm dela to plo\u0161\u010dico zelo trpe\u017eno in presti\u017eno na otip. Redna cena te plo\u0161\u010dice v maloprodaji zna\u0161a 45,73 EUR, v na\u0161i spletni trgovini pa jo lahko dobite \u017ee za 36,59 EUR. Ta plo\u0161\u010dica je na voljo v \u010dudoviti beli barvi, \u010de \u017eelite kak\u0161no drugo barvo pa nas kontaktirajte in preverili bomo pri proizvajalcu. Prihaja iz \u0160panije, ki po svetu slovi kot ena bolj\u0161ih proizvajalk kerami\u010dnih plo\u0161\u010dic.<\/p>\n<p>Kliknite na ime kolekcije za ogled vseh plo\u0161\u010dic iz te serije: <a class=\"pdfcatal\" href=\"\/\/www.ceramictiles.com\/pdf\/natucer\/catalogue_natucer_look.pdf\" onclick=\"recordOutboundLink(this, 'E-mail', 'Description PDF');return false;\">Natucer Ceramica Look<\/a><\/p>\n<p>\u010ce \u017eelite naro\u010diti model iz pdf kataloga te kolekcije, nam pi\u0161ite na: <a href=\"mailto:keramoteka.salon@gmail.com\" onclick=\"recordOutboundLink(this, 'E-mail', 'Description mail');return false;\">keramoteka.salon@gmail.com<\/a> ali pa nas pokli\u010dite na: +386 31 255 900.<\/p>\n","protected":false},"excerpt":{"rendered":"<p>Dimenzije te plo\u0161\u010dice so 20&#215;40 cm. Debelina kar mm dela to plo\u0161\u010dico zelo trpe\u017eno in presti\u017eno na otip. Redna cena te plo\u0161\u010dice v maloprodaji zna\u0161a 45,73 EUR, v na\u0161i spletni trgovini pa jo lahko dobite \u017ee za 36,59 EUR. Ta plo\u0161\u010dica je na voljo v \u010dudoviti beli barvi, \u010de \u017eelite kak\u0161no drugo barvo pa nas [&hellip;]<\/p>\n","protected":false},"featured_media":107494,"template":"","meta":[],"product_cat":[150,100,9991435,120,999,110],"product_tag":[],"_links":{"self":[{"href":"https:\/\/www.keramika.com\/slovenija\/wp-json\/wp\/v2\/product\/107493"}],"collection":[{"href":"https:\/\/www.keramika.com\/slovenija\/wp-json\/wp\/v2\/product"}],"about":[{"href":"https:\/\/www.keramika.com\/slovenija\/wp-json\/wp\/v2\/types\/product"}],"wp:featuredmedia":[{"embeddable":true,"href":"https:\/\/www.keramika.com\/slovenija\/wp-json\/wp\/v2\/media\/107494"}],"wp:attachment":[{"href":"https:\/\/www.keramika.com\/slovenija\/wp-json\/wp\/v2\/media?parent=107493"}],"wp:term":[{"taxonomy":"product_cat","embeddable":true,"href":"https:\/\/www.keramika.com\/slovenija\/wp-json\/wp\/v2\/product_cat?post=107493"},{"taxonomy":"product_tag","embeddable":true,"href":"https:\/\/www.keramika.com\/slovenija\/wp-json\/wp\/v2\/product_tag?post=107493"}],"curies":[{"name":"wp","href":"https:\/\/api.w.org\/{rel}","templated":true}]}}