{"id":107487,"date":"2017-03-23T02:37:54","date_gmt":"2017-03-23T02:37:54","guid":{"rendered":"http:\/\/keramika.holest.com\/slovenija\/product\/talne-in-stenske-ploscice-natucer-laguna-grande-mira\/"},"modified":"2026-01-05T00:01:09","modified_gmt":"2026-01-05T00:01:09","slug":"talne-in-stenske-ploscice-natucer-laguna-grande-mira","status":"publish","type":"product","link":"https:\/\/www.keramika.com\/slovenija\/talne-in-stenske-ploscice-natucer-laguna-grande-mira\/","title":{"rendered":"Talne in stenske plo\u0161\u010dice Natucer Laguna Grande Mira"},"content":{"rendered":"<p>Pri izbiri plo\u0161\u010dice v rjavi barvi ne morete zgre\u0161iti. Redna cena te plo\u0161\u010dice v maloprodaji zna\u0161a 58,44 EUR, v na\u0161i spletni trgovini pa jo lahko dobite \u017ee za 46,75 EUR. mm je debelina, ki zadovolji tudi zahtevnej\u0161e kupce. Prihaja iz \u0160panije, ki po svetu slovi kot ena bolj\u0161ih proizvajalk kerami\u010dnih plo\u0161\u010dic. Z 36&#215;54 cm je ta plo\u0161\u010dica primerna za razli\u010dne podlage.<\/p>\n<p>Kliknite na ime kolekcije za ogled vseh plo\u0161\u010dic iz te serije: <a class=\"pdfcatal\" href=\"\/\/www.ceramictiles.com\/pdf\/natucer\/catalogue_natucer_laguna_grande.pdf\" onclick=\"recordOutboundLink(this, 'E-mail', 'Description PDF');return false;\">Natucer Ceramica Laguna Grande<\/a><\/p>\n<p>\u010ce \u017eelite naro\u010diti model iz pdf kataloga te kolekcije, nam pi\u0161ite na: <a href=\"mailto:keramoteka.salon@gmail.com\" onclick=\"recordOutboundLink(this, 'E-mail', 'Description mail');return false;\">keramoteka.salon@gmail.com<\/a> ali pa nas pokli\u010dite na: +386 31 255 900.<\/p>\n","protected":false},"excerpt":{"rendered":"<p>Pri izbiri plo\u0161\u010dice v rjavi barvi ne morete zgre\u0161iti. Redna cena te plo\u0161\u010dice v maloprodaji zna\u0161a 58,44 EUR, v na\u0161i spletni trgovini pa jo lahko dobite \u017ee za 46,75 EUR. mm je debelina, ki zadovolji tudi zahtevnej\u0161e kupce. Prihaja iz \u0160panije, ki po svetu slovi kot ena bolj\u0161ih proizvajalk kerami\u010dnih plo\u0161\u010dic. Z 36&#215;54 cm je [&hellip;]<\/p>\n","protected":false},"featured_media":107488,"template":"","meta":[],"product_cat":[150,100,9991435,120,999,110],"product_tag":[],"_links":{"self":[{"href":"https:\/\/www.keramika.com\/slovenija\/wp-json\/wp\/v2\/product\/107487"}],"collection":[{"href":"https:\/\/www.keramika.com\/slovenija\/wp-json\/wp\/v2\/product"}],"about":[{"href":"https:\/\/www.keramika.com\/slovenija\/wp-json\/wp\/v2\/types\/product"}],"wp:featuredmedia":[{"embeddable":true,"href":"https:\/\/www.keramika.com\/slovenija\/wp-json\/wp\/v2\/media\/107488"}],"wp:attachment":[{"href":"https:\/\/www.keramika.com\/slovenija\/wp-json\/wp\/v2\/media?parent=107487"}],"wp:term":[{"taxonomy":"product_cat","embeddable":true,"href":"https:\/\/www.keramika.com\/slovenija\/wp-json\/wp\/v2\/product_cat?post=107487"},{"taxonomy":"product_tag","embeddable":true,"href":"https:\/\/www.keramika.com\/slovenija\/wp-json\/wp\/v2\/product_tag?post=107487"}],"curies":[{"name":"wp","href":"https:\/\/api.w.org\/{rel}","templated":true}]}}