{"id":107481,"date":"2017-03-23T02:37:35","date_gmt":"2017-03-23T02:37:35","guid":{"rendered":"http:\/\/keramika.holest.com\/slovenija\/product\/ploscice-za-kopalnico-natucer-formats-dia\/"},"modified":"2026-01-05T00:01:08","modified_gmt":"2026-01-05T00:01:08","slug":"ploscice-za-kopalnico-natucer-formats-dia","status":"publish","type":"product","link":"https:\/\/www.keramika.com\/slovenija\/ploscice-za-kopalnico-natucer-formats-dia\/","title":{"rendered":"Plo\u0161\u010dice za kopalnico Natucer Formats Dia"},"content":{"rendered":"<p>Ta plo\u0161\u010dica je debela mm in je zelo trpe\u017ena. Z 15&#215;50 cm je ta plo\u0161\u010dica primerna za razli\u010dne podlage. Zelo moderna plo\u0161\u010dica v beli barvi popestri prav vsak prostor. Natucer Formats Dia je plo\u0161\u010dica proizvajalca Natucer Ceramica in prihaja iz \u0160panije. Natucer Formats Dia je na voljo po zelo ugodni ceni 78,8 EUR.<\/p>\n<p>Kliknite na ime kolekcije za ogled vseh plo\u0161\u010dic iz te serije: <a class=\"pdfcatal\" href=\"\/\/www.ceramictiles.com\/pdf\/natucer\/catalogue_natucer_formats.pdf\" onclick=\"recordOutboundLink(this, 'E-mail', 'Description PDF');return false;\">Natucer Ceramica Formats<\/a><\/p>\n<p>\u010ce \u017eelite naro\u010diti model iz pdf kataloga te kolekcije, nam pi\u0161ite na: <a href=\"mailto:keramoteka.salon@gmail.com\" onclick=\"recordOutboundLink(this, 'E-mail', 'Description mail');return false;\">keramoteka.salon@gmail.com<\/a> ali pa nas pokli\u010dite na: +386 31 255 900.<\/p>\n","protected":false},"excerpt":{"rendered":"<p>Ta plo\u0161\u010dica je debela mm in je zelo trpe\u017ena. Z 15&#215;50 cm je ta plo\u0161\u010dica primerna za razli\u010dne podlage. Zelo moderna plo\u0161\u010dica v beli barvi popestri prav vsak prostor. Natucer Formats Dia je plo\u0161\u010dica proizvajalca Natucer Ceramica in prihaja iz \u0160panije. Natucer Formats Dia je na voljo po zelo ugodni ceni 78,8 EUR. Kliknite na [&hellip;]<\/p>\n","protected":false},"featured_media":107482,"template":"","meta":[],"product_cat":[150,100,9991435,120,999,110],"product_tag":[],"_links":{"self":[{"href":"https:\/\/www.keramika.com\/slovenija\/wp-json\/wp\/v2\/product\/107481"}],"collection":[{"href":"https:\/\/www.keramika.com\/slovenija\/wp-json\/wp\/v2\/product"}],"about":[{"href":"https:\/\/www.keramika.com\/slovenija\/wp-json\/wp\/v2\/types\/product"}],"wp:featuredmedia":[{"embeddable":true,"href":"https:\/\/www.keramika.com\/slovenija\/wp-json\/wp\/v2\/media\/107482"}],"wp:attachment":[{"href":"https:\/\/www.keramika.com\/slovenija\/wp-json\/wp\/v2\/media?parent=107481"}],"wp:term":[{"taxonomy":"product_cat","embeddable":true,"href":"https:\/\/www.keramika.com\/slovenija\/wp-json\/wp\/v2\/product_cat?post=107481"},{"taxonomy":"product_tag","embeddable":true,"href":"https:\/\/www.keramika.com\/slovenija\/wp-json\/wp\/v2\/product_tag?post=107481"}],"curies":[{"name":"wp","href":"https:\/\/api.w.org\/{rel}","templated":true}]}}