{"id":107479,"date":"2017-03-23T02:37:29","date_gmt":"2017-03-23T02:37:29","guid":{"rendered":"http:\/\/keramika.holest.com\/slovenija\/product\/ploscice-imitacija-lesa-natucer-filter-floor-tropical-forest-oak-plank\/"},"modified":"2026-01-05T00:01:08","modified_gmt":"2026-01-05T00:01:08","slug":"ploscice-imitacija-lesa-natucer-filter-floor-tropical-forest-oak-plank","status":"publish","type":"product","link":"https:\/\/www.keramika.com\/slovenija\/ploscice-imitacija-lesa-natucer-filter-floor-tropical-forest-oak-plank\/","title":{"rendered":"Plo\u0161\u010dice imitacija lesa Natucer Filter Floor Tropical Forest Oak Plank"},"content":{"rendered":"<p>Natucer Filter Floor je plo\u0161\u010dica proizvajalca Natucer Ceramica in prihaja iz \u0160panije. mm debeline je dovolj tudi za zahtevnej\u0161e kupce. Z 36&#215;36 cm je ta plo\u0161\u010dica primerna za razli\u010dne podlage. Ta model plo\u0161\u010dice se najbolje prodaja v rjavi barvi. Na spletu boste za to plo\u0161\u010dico od\u0161teli le 86,86 EUR, medtem ko v redni prodaji cena zna\u0161a 108,57 EUR.<\/p>\n<p>Kliknite na ime kolekcije za ogled vseh plo\u0161\u010dic iz te serije: <a class=\"pdfcatal\" href=\"\/\/www.ceramictiles.com\/pdf\/natucer\/catalogue_natucer_filter_floor.pdf\" onclick=\"recordOutboundLink(this, 'E-mail', 'Description PDF');return false;\">Natucer Ceramica Filter Floor<\/a><\/p>\n<p>\u010ce \u017eelite naro\u010diti model iz pdf kataloga te kolekcije, nam pi\u0161ite na: <a href=\"mailto:keramoteka.salon@gmail.com\" onclick=\"recordOutboundLink(this, 'E-mail', 'Description mail');return false;\">keramoteka.salon@gmail.com<\/a> ali pa nas pokli\u010dite na: +386 31 255 900.<\/p>\n","protected":false},"excerpt":{"rendered":"<p>Natucer Filter Floor je plo\u0161\u010dica proizvajalca Natucer Ceramica in prihaja iz \u0160panije. mm debeline je dovolj tudi za zahtevnej\u0161e kupce. Z 36&#215;36 cm je ta plo\u0161\u010dica primerna za razli\u010dne podlage. Ta model plo\u0161\u010dice se najbolje prodaja v rjavi barvi. Na spletu boste za to plo\u0161\u010dico od\u0161teli le 86,86 EUR, medtem ko v redni prodaji cena [&hellip;]<\/p>\n","protected":false},"featured_media":107480,"template":"","meta":[],"product_cat":[150,100,9991435,120,999,110],"product_tag":[],"_links":{"self":[{"href":"https:\/\/www.keramika.com\/slovenija\/wp-json\/wp\/v2\/product\/107479"}],"collection":[{"href":"https:\/\/www.keramika.com\/slovenija\/wp-json\/wp\/v2\/product"}],"about":[{"href":"https:\/\/www.keramika.com\/slovenija\/wp-json\/wp\/v2\/types\/product"}],"wp:featuredmedia":[{"embeddable":true,"href":"https:\/\/www.keramika.com\/slovenija\/wp-json\/wp\/v2\/media\/107480"}],"wp:attachment":[{"href":"https:\/\/www.keramika.com\/slovenija\/wp-json\/wp\/v2\/media?parent=107479"}],"wp:term":[{"taxonomy":"product_cat","embeddable":true,"href":"https:\/\/www.keramika.com\/slovenija\/wp-json\/wp\/v2\/product_cat?post=107479"},{"taxonomy":"product_tag","embeddable":true,"href":"https:\/\/www.keramika.com\/slovenija\/wp-json\/wp\/v2\/product_tag?post=107479"}],"curies":[{"name":"wp","href":"https:\/\/api.w.org\/{rel}","templated":true}]}}