{"id":107471,"date":"2017-03-23T02:37:02","date_gmt":"2017-03-23T02:37:02","guid":{"rendered":"http:\/\/keramika.holest.com\/slovenija\/product\/talne-ploscice-natucer-cuarcita-gris\/"},"modified":"2026-01-05T00:01:08","modified_gmt":"2026-01-05T00:01:08","slug":"talne-ploscice-natucer-cuarcita-gris","status":"publish","type":"product","link":"https:\/\/www.keramika.com\/slovenija\/talne-ploscice-natucer-cuarcita-gris\/","title":{"rendered":"Talne plo\u0161\u010dice Natucer Cuarcita Gris"},"content":{"rendered":"<p>Zelo moderna plo\u0161\u010dica v sivi barvi popestri prav vsak prostor. Redna cena te plo\u0161\u010dice v maloprodaji zna\u0161a 34,21 EUR, v na\u0161i spletni trgovini pa jo lahko dobite \u017ee za 27,37 EUR. Debelina plo\u0161\u010dice je zelo pomembna in mm uvr\u0161\u010da to plo\u0161\u010dico med najkvalitetnej\u0161e. Natucer Cuarcita Gris je plo\u0161\u010dica proizvajalca Natucer Ceramica in prihaja iz \u0160panije. \u0160irina in dol\u017eina te plo\u0161\u010dice sta 30&#215;30 cm.<\/p>\n<p>Kliknite na ime kolekcije za ogled vseh plo\u0161\u010dic iz te serije: <a class=\"pdfcatal\" href=\"\/\/www.ceramictiles.com\/pdf\/natucer\/catalogue_natucer_cuarcita.pdf\" onclick=\"recordOutboundLink(this, 'E-mail', 'Description PDF');return false;\">Natucer Ceramica Cuarcita<\/a><\/p>\n<p>\u010ce \u017eelite naro\u010diti model iz pdf kataloga te kolekcije, nam pi\u0161ite na: <a href=\"mailto:keramoteka.salon@gmail.com\" onclick=\"recordOutboundLink(this, 'E-mail', 'Description mail');return false;\">keramoteka.salon@gmail.com<\/a> ali pa nas pokli\u010dite na: +386 31 255 900.<\/p>\n","protected":false},"excerpt":{"rendered":"<p>Zelo moderna plo\u0161\u010dica v sivi barvi popestri prav vsak prostor. Redna cena te plo\u0161\u010dice v maloprodaji zna\u0161a 34,21 EUR, v na\u0161i spletni trgovini pa jo lahko dobite \u017ee za 27,37 EUR. Debelina plo\u0161\u010dice je zelo pomembna in mm uvr\u0161\u010da to plo\u0161\u010dico med najkvalitetnej\u0161e. Natucer Cuarcita Gris je plo\u0161\u010dica proizvajalca Natucer Ceramica in prihaja iz \u0160panije. [&hellip;]<\/p>\n","protected":false},"featured_media":107472,"template":"","meta":[],"product_cat":[150,100,9991435,120,999,110],"product_tag":[],"_links":{"self":[{"href":"https:\/\/www.keramika.com\/slovenija\/wp-json\/wp\/v2\/product\/107471"}],"collection":[{"href":"https:\/\/www.keramika.com\/slovenija\/wp-json\/wp\/v2\/product"}],"about":[{"href":"https:\/\/www.keramika.com\/slovenija\/wp-json\/wp\/v2\/types\/product"}],"wp:featuredmedia":[{"embeddable":true,"href":"https:\/\/www.keramika.com\/slovenija\/wp-json\/wp\/v2\/media\/107472"}],"wp:attachment":[{"href":"https:\/\/www.keramika.com\/slovenija\/wp-json\/wp\/v2\/media?parent=107471"}],"wp:term":[{"taxonomy":"product_cat","embeddable":true,"href":"https:\/\/www.keramika.com\/slovenija\/wp-json\/wp\/v2\/product_cat?post=107471"},{"taxonomy":"product_tag","embeddable":true,"href":"https:\/\/www.keramika.com\/slovenija\/wp-json\/wp\/v2\/product_tag?post=107471"}],"curies":[{"name":"wp","href":"https:\/\/api.w.org\/{rel}","templated":true}]}}