{"id":107457,"date":"2017-03-23T02:36:12","date_gmt":"2017-03-23T02:36:12","guid":{"rendered":"http:\/\/keramika.holest.com\/slovenija\/product\/stenske-ploscice-natucer-bisell-neu\/"},"modified":"2026-01-05T00:01:06","modified_gmt":"2026-01-05T00:01:06","slug":"stenske-ploscice-natucer-bisell-neu","status":"publish","type":"product","link":"https:\/\/www.keramika.com\/slovenija\/stenske-ploscice-natucer-bisell-neu\/","title":{"rendered":"Stenske plo\u0161\u010dice Natucer Bisell Neu"},"content":{"rendered":"<p>Redna cena te plo\u0161\u010dice v maloprodaji zna\u0161a 63,47 EUR, v na\u0161i spletni trgovini pa jo lahko dobite \u017ee za 50,78 EUR. Velikost te plo\u0161\u010dice je 15&#215;50 cm in je primerna za razli\u010dne povr\u0161ine. Letos so plo\u0161\u010dice v beli barvi zelo za\u017eeljene. Debelina plo\u0161\u010dice je zelo pomembna in mm uvr\u0161\u010da to plo\u0161\u010dico med najkvalitetnej\u0161e. Natucer Bisell Neu je plo\u0161\u010dica proizvajalca Natucer Ceramica in prihaja iz \u0160panije.<\/p>\n<p>Kliknite na ime kolekcije za ogled vseh plo\u0161\u010dic iz te serije: <a class=\"pdfcatal\" href=\"\/\/www.ceramictiles.com\/pdf\/natucer\/catalogue_natucer_bisell.pdf\" onclick=\"recordOutboundLink(this, 'E-mail', 'Description PDF');return false;\">Natucer Ceramica Bisell<\/a><\/p>\n<p>\u010ce \u017eelite naro\u010diti model iz pdf kataloga te kolekcije, nam pi\u0161ite na: <a href=\"mailto:keramoteka.salon@gmail.com\" onclick=\"recordOutboundLink(this, 'E-mail', 'Description mail');return false;\">keramoteka.salon@gmail.com<\/a> ali pa nas pokli\u010dite na: +386 31 255 900.<\/p>\n","protected":false},"excerpt":{"rendered":"<p>Redna cena te plo\u0161\u010dice v maloprodaji zna\u0161a 63,47 EUR, v na\u0161i spletni trgovini pa jo lahko dobite \u017ee za 50,78 EUR. Velikost te plo\u0161\u010dice je 15&#215;50 cm in je primerna za razli\u010dne povr\u0161ine. Letos so plo\u0161\u010dice v beli barvi zelo za\u017eeljene. Debelina plo\u0161\u010dice je zelo pomembna in mm uvr\u0161\u010da to plo\u0161\u010dico med najkvalitetnej\u0161e. Natucer Bisell [&hellip;]<\/p>\n","protected":false},"featured_media":107458,"template":"","meta":[],"product_cat":[150,100,9991435,120,999,110],"product_tag":[],"_links":{"self":[{"href":"https:\/\/www.keramika.com\/slovenija\/wp-json\/wp\/v2\/product\/107457"}],"collection":[{"href":"https:\/\/www.keramika.com\/slovenija\/wp-json\/wp\/v2\/product"}],"about":[{"href":"https:\/\/www.keramika.com\/slovenija\/wp-json\/wp\/v2\/types\/product"}],"wp:featuredmedia":[{"embeddable":true,"href":"https:\/\/www.keramika.com\/slovenija\/wp-json\/wp\/v2\/media\/107458"}],"wp:attachment":[{"href":"https:\/\/www.keramika.com\/slovenija\/wp-json\/wp\/v2\/media?parent=107457"}],"wp:term":[{"taxonomy":"product_cat","embeddable":true,"href":"https:\/\/www.keramika.com\/slovenija\/wp-json\/wp\/v2\/product_cat?post=107457"},{"taxonomy":"product_tag","embeddable":true,"href":"https:\/\/www.keramika.com\/slovenija\/wp-json\/wp\/v2\/product_tag?post=107457"}],"curies":[{"name":"wp","href":"https:\/\/api.w.org\/{rel}","templated":true}]}}