{"id":107451,"date":"2017-03-23T02:35:48","date_gmt":"2017-03-23T02:35:48","guid":{"rendered":"http:\/\/keramika.holest.com\/slovenija\/product\/stenske-dekorativne-ploscice-azuvi-urban-white\/"},"modified":"2026-01-05T00:01:06","modified_gmt":"2026-01-05T00:01:06","slug":"stenske-dekorativne-ploscice-azuvi-urban-white","status":"publish","type":"product","link":"https:\/\/www.keramika.com\/slovenija\/stenske-dekorativne-ploscice-azuvi-urban-white\/","title":{"rendered":"Stenske dekorativne plo\u0161\u010dice Azuvi Urban White"},"content":{"rendered":"<p>Azuvi Urban White je plo\u0161\u010dica proizvajalca Azuvi Ceramica in prihaja iz \u0160panije. Debelina kar 10 mm dela to plo\u0161\u010dico zelo trpe\u017eno in presti\u017eno na otip. Na spletu boste za to plo\u0161\u010dico od\u0161teli le 22,78 EUR, medtem ko v redni prodaji cena zna\u0161a 28,47 EUR. Z 20&#215;20 cm je ta plo\u0161\u010dica primerna za razli\u010dne podlage. Pri izbiri plo\u0161\u010dice v beli barvi ne morete zgre\u0161iti.<\/p>\n<p>Kliknite na ime kolekcije za ogled vseh plo\u0161\u010dic iz te serije: <a class=\"pdfcatal\" href=\"\/\/www.ceramictiles.com\/pdf\/azuvi\/catalogue_azuvi_urban.pdf\" onclick=\"recordOutboundLink(this, 'E-mail', 'Description PDF');return false;\">Azuvi Ceramica Urban<\/a><\/p>\n<p>\u010ce \u017eelite naro\u010diti model iz pdf kataloga te kolekcije, nam pi\u0161ite na: <a href=\"mailto:keramoteka.salon@gmail.com\" onclick=\"recordOutboundLink(this, 'E-mail', 'Description mail');return false;\">keramoteka.salon@gmail.com<\/a> ali pa nas pokli\u010dite na: +386 31 255 900.<\/p>\n","protected":false},"excerpt":{"rendered":"<p>Azuvi Urban White je plo\u0161\u010dica proizvajalca Azuvi Ceramica in prihaja iz \u0160panije. Debelina kar 10 mm dela to plo\u0161\u010dico zelo trpe\u017eno in presti\u017eno na otip. Na spletu boste za to plo\u0161\u010dico od\u0161teli le 22,78 EUR, medtem ko v redni prodaji cena zna\u0161a 28,47 EUR. Z 20&#215;20 cm je ta plo\u0161\u010dica primerna za razli\u010dne podlage. Pri [&hellip;]<\/p>\n","protected":false},"featured_media":107452,"template":"","meta":[],"product_cat":[99921412,200,999],"product_tag":[99921973,99921974],"_links":{"self":[{"href":"https:\/\/www.keramika.com\/slovenija\/wp-json\/wp\/v2\/product\/107451"}],"collection":[{"href":"https:\/\/www.keramika.com\/slovenija\/wp-json\/wp\/v2\/product"}],"about":[{"href":"https:\/\/www.keramika.com\/slovenija\/wp-json\/wp\/v2\/types\/product"}],"wp:featuredmedia":[{"embeddable":true,"href":"https:\/\/www.keramika.com\/slovenija\/wp-json\/wp\/v2\/media\/107452"}],"wp:attachment":[{"href":"https:\/\/www.keramika.com\/slovenija\/wp-json\/wp\/v2\/media?parent=107451"}],"wp:term":[{"taxonomy":"product_cat","embeddable":true,"href":"https:\/\/www.keramika.com\/slovenija\/wp-json\/wp\/v2\/product_cat?post=107451"},{"taxonomy":"product_tag","embeddable":true,"href":"https:\/\/www.keramika.com\/slovenija\/wp-json\/wp\/v2\/product_tag?post=107451"}],"curies":[{"name":"wp","href":"https:\/\/api.w.org\/{rel}","templated":true}]}}