{"id":107441,"date":"2017-03-23T02:35:08","date_gmt":"2017-03-23T02:35:08","guid":{"rendered":"http:\/\/keramika.holest.com\/slovenija\/product\/mozaik-ploscice-azuvi-perfection-black\/"},"modified":"2026-01-05T00:01:05","modified_gmt":"2026-01-05T00:01:05","slug":"mozaik-ploscice-azuvi-perfection-black","status":"publish","type":"product","link":"https:\/\/www.keramika.com\/slovenija\/mozaik-ploscice-azuvi-perfection-black\/","title":{"rendered":"Mozaik plo\u0161\u010dice Azuvi Perfection Black"},"content":{"rendered":"<p>Azuvi Perfection Black je pripeljana iz \u0160panije in je zelo kvalitetna. Letos so plo\u0161\u010dice v \u010drni barvi zelo za\u017eeljene. Redna cena te plo\u0161\u010dice v maloprodaji zna\u0161a 35,31 EUR, v na\u0161i spletni trgovini pa jo lahko dobite \u017ee za 28,25 EUR. 10 mm debeline je dovolj tudi za zahtevnej\u0161e kupce. Plo\u0161\u010dica na sliki je velika 25&#215;40 cm.<\/p>\n<p>Kliknite na ime kolekcije za ogled vseh plo\u0161\u010dic iz te serije: <a class=\"pdfcatal\" href=\"\/\/www.ceramictiles.com\/pdf\/azuvi\/catalogue_azuvi_perfection.pdf\" onclick=\"recordOutboundLink(this, 'E-mail', 'Description PDF');return false;\">Azuvi Ceramica Perfection<\/a><\/p>\n<p>\u010ce \u017eelite naro\u010diti model iz pdf kataloga te kolekcije, nam pi\u0161ite na: <a href=\"mailto:keramoteka.salon@gmail.com\" onclick=\"recordOutboundLink(this, 'E-mail', 'Description mail');return false;\">keramoteka.salon@gmail.com<\/a> ali pa nas pokli\u010dite na: +386 31 255 900.<\/p>\n","protected":false},"excerpt":{"rendered":"<p>Azuvi Perfection Black je pripeljana iz \u0160panije in je zelo kvalitetna. Letos so plo\u0161\u010dice v \u010drni barvi zelo za\u017eeljene. Redna cena te plo\u0161\u010dice v maloprodaji zna\u0161a 35,31 EUR, v na\u0161i spletni trgovini pa jo lahko dobite \u017ee za 28,25 EUR. 10 mm debeline je dovolj tudi za zahtevnej\u0161e kupce. Plo\u0161\u010dica na sliki je velika 25&#215;40 [&hellip;]<\/p>\n","protected":false},"featured_media":107442,"template":"","meta":[],"product_cat":[99921412,200,999],"product_tag":[],"_links":{"self":[{"href":"https:\/\/www.keramika.com\/slovenija\/wp-json\/wp\/v2\/product\/107441"}],"collection":[{"href":"https:\/\/www.keramika.com\/slovenija\/wp-json\/wp\/v2\/product"}],"about":[{"href":"https:\/\/www.keramika.com\/slovenija\/wp-json\/wp\/v2\/types\/product"}],"wp:featuredmedia":[{"embeddable":true,"href":"https:\/\/www.keramika.com\/slovenija\/wp-json\/wp\/v2\/media\/107442"}],"wp:attachment":[{"href":"https:\/\/www.keramika.com\/slovenija\/wp-json\/wp\/v2\/media?parent=107441"}],"wp:term":[{"taxonomy":"product_cat","embeddable":true,"href":"https:\/\/www.keramika.com\/slovenija\/wp-json\/wp\/v2\/product_cat?post=107441"},{"taxonomy":"product_tag","embeddable":true,"href":"https:\/\/www.keramika.com\/slovenija\/wp-json\/wp\/v2\/product_tag?post=107441"}],"curies":[{"name":"wp","href":"https:\/\/api.w.org\/{rel}","templated":true}]}}