{"id":107439,"date":"2017-03-23T02:35:01","date_gmt":"2017-03-23T02:35:01","guid":{"rendered":"http:\/\/keramika.holest.com\/slovenija\/product\/stenske-ploscice-azuvi-statuario\/"},"modified":"2026-01-05T00:01:05","modified_gmt":"2026-01-05T00:01:05","slug":"stenske-ploscice-azuvi-statuario","status":"publish","type":"product","link":"https:\/\/www.keramika.com\/slovenija\/stenske-ploscice-azuvi-statuario\/","title":{"rendered":"Stenske plo\u0161\u010dice Azuvi Statuario"},"content":{"rendered":"<p>Z velikostjo 30&#215;90 cm je ta plo\u0161\u010dica primerna ze razli\u010dne povr\u0161ine. Ta plo\u0161\u010dica prihaja iz \u0160panije, ki je znana po kvalitetni keramiki. Letos so plo\u0161\u010dice v beli barvi zelo za\u017eeljene. Namesto 44,18 EUR kot bi za to plo\u0161\u010dico od\u0161teli v klasi\u010dni trgovini, boste v na\u0161i spletni prodajalni od\u0161teli le 35,34 EUR. Ta plo\u0161\u010dica je debela 10 mm in je zelo trpe\u017ena.<\/p>\n<p>Kliknite na ime kolekcije za ogled vseh plo\u0161\u010dic iz te serije: <a class=\"pdfcatal\" href=\"\/\/www.ceramictiles.com\/pdf\/azuvi\/catalogue_azuvi_luxury_marbles_and_stones.pdf\" onclick=\"recordOutboundLink(this, 'E-mail', 'Description PDF');return false;\">Azuvi Ceramica Luxury Marbles and Stones<\/a><\/p>\n<p>\u010ce \u017eelite naro\u010diti model iz pdf kataloga te kolekcije, nam pi\u0161ite na: <a href=\"mailto:keramoteka.salon@gmail.com\" onclick=\"recordOutboundLink(this, 'E-mail', 'Description mail');return false;\">keramoteka.salon@gmail.com<\/a> ali pa nas pokli\u010dite na: +386 31 255 900.<\/p>\n","protected":false},"excerpt":{"rendered":"<p>Z velikostjo 30&#215;90 cm je ta plo\u0161\u010dica primerna ze razli\u010dne povr\u0161ine. Ta plo\u0161\u010dica prihaja iz \u0160panije, ki je znana po kvalitetni keramiki. Letos so plo\u0161\u010dice v beli barvi zelo za\u017eeljene. Namesto 44,18 EUR kot bi za to plo\u0161\u010dico od\u0161teli v klasi\u010dni trgovini, boste v na\u0161i spletni prodajalni od\u0161teli le 35,34 EUR. Ta plo\u0161\u010dica je debela [&hellip;]<\/p>\n","protected":false},"featured_media":107440,"template":"","meta":[],"product_cat":[99921412,200,999],"product_tag":[],"_links":{"self":[{"href":"https:\/\/www.keramika.com\/slovenija\/wp-json\/wp\/v2\/product\/107439"}],"collection":[{"href":"https:\/\/www.keramika.com\/slovenija\/wp-json\/wp\/v2\/product"}],"about":[{"href":"https:\/\/www.keramika.com\/slovenija\/wp-json\/wp\/v2\/types\/product"}],"wp:featuredmedia":[{"embeddable":true,"href":"https:\/\/www.keramika.com\/slovenija\/wp-json\/wp\/v2\/media\/107440"}],"wp:attachment":[{"href":"https:\/\/www.keramika.com\/slovenija\/wp-json\/wp\/v2\/media?parent=107439"}],"wp:term":[{"taxonomy":"product_cat","embeddable":true,"href":"https:\/\/www.keramika.com\/slovenija\/wp-json\/wp\/v2\/product_cat?post=107439"},{"taxonomy":"product_tag","embeddable":true,"href":"https:\/\/www.keramika.com\/slovenija\/wp-json\/wp\/v2\/product_tag?post=107439"}],"curies":[{"name":"wp","href":"https:\/\/api.w.org\/{rel}","templated":true}]}}