{"id":107437,"date":"2017-03-23T02:34:53","date_gmt":"2017-03-23T02:34:53","guid":{"rendered":"http:\/\/keramika.holest.com\/slovenija\/product\/stenske-ploscice-azuvi-hemline-white\/"},"modified":"2026-01-05T00:01:04","modified_gmt":"2026-01-05T00:01:04","slug":"stenske-ploscice-azuvi-hemline-white","status":"publish","type":"product","link":"https:\/\/www.keramika.com\/slovenija\/stenske-ploscice-azuvi-hemline-white\/","title":{"rendered":"Stenske plo\u0161\u010dice Azuvi Hemline White"},"content":{"rendered":"<p>Keramika v beli barvi popestri vsak prostor. Plo\u0161\u010dica na sliki je velika 15&#215;30 cm. Azuvi Hemline White je na voljo po zelo ugodni ceni 28 EUR. 10 mm je debelina, ki zadovolji tudi zahtevnej\u0161e kupce. Azuvi Hemline White prihaja iz \u0160panije, ki je znana po zelo kvalitetni keramiki v svetovnem merilu.<\/p>\n<p>Kliknite na ime kolekcije za ogled vseh plo\u0161\u010dic iz te serije: <a class=\"pdfcatal\" href=\"\/\/www.ceramictiles.com\/pdf\/azuvi\/catalogue_azuvi_hemline.pdf\" onclick=\"recordOutboundLink(this, 'E-mail', 'Description PDF');return false;\">Azuvi Ceramica Hemline<\/a><\/p>\n<p>\u010ce \u017eelite naro\u010diti model iz pdf kataloga te kolekcije, nam pi\u0161ite na: <a href=\"mailto:keramoteka.salon@gmail.com\" onclick=\"recordOutboundLink(this, 'E-mail', 'Description mail');return false;\">keramoteka.salon@gmail.com<\/a> ali pa nas pokli\u010dite na: +386 31 255 900.<\/p>\n","protected":false},"excerpt":{"rendered":"<p>Keramika v beli barvi popestri vsak prostor. Plo\u0161\u010dica na sliki je velika 15&#215;30 cm. Azuvi Hemline White je na voljo po zelo ugodni ceni 28 EUR. 10 mm je debelina, ki zadovolji tudi zahtevnej\u0161e kupce. Azuvi Hemline White prihaja iz \u0160panije, ki je znana po zelo kvalitetni keramiki v svetovnem merilu. Kliknite na ime kolekcije [&hellip;]<\/p>\n","protected":false},"featured_media":107438,"template":"","meta":[],"product_cat":[99921412,200,999],"product_tag":[99921973],"_links":{"self":[{"href":"https:\/\/www.keramika.com\/slovenija\/wp-json\/wp\/v2\/product\/107437"}],"collection":[{"href":"https:\/\/www.keramika.com\/slovenija\/wp-json\/wp\/v2\/product"}],"about":[{"href":"https:\/\/www.keramika.com\/slovenija\/wp-json\/wp\/v2\/types\/product"}],"wp:featuredmedia":[{"embeddable":true,"href":"https:\/\/www.keramika.com\/slovenija\/wp-json\/wp\/v2\/media\/107438"}],"wp:attachment":[{"href":"https:\/\/www.keramika.com\/slovenija\/wp-json\/wp\/v2\/media?parent=107437"}],"wp:term":[{"taxonomy":"product_cat","embeddable":true,"href":"https:\/\/www.keramika.com\/slovenija\/wp-json\/wp\/v2\/product_cat?post=107437"},{"taxonomy":"product_tag","embeddable":true,"href":"https:\/\/www.keramika.com\/slovenija\/wp-json\/wp\/v2\/product_tag?post=107437"}],"curies":[{"name":"wp","href":"https:\/\/api.w.org\/{rel}","templated":true}]}}