{"id":107435,"date":"2017-03-23T02:34:45","date_gmt":"2017-03-23T02:34:45","guid":{"rendered":"http:\/\/keramika.holest.com\/slovenija\/product\/stenske-ploscice-azuvi-fatima-mud\/"},"modified":"2026-01-05T00:01:04","modified_gmt":"2026-01-05T00:01:04","slug":"stenske-ploscice-azuvi-fatima-mud","status":"publish","type":"product","link":"https:\/\/www.keramika.com\/slovenija\/stenske-ploscice-azuvi-fatima-mud\/","title":{"rendered":"Stenske plo\u0161\u010dice Azuvi Fatima Mud"},"content":{"rendered":"<p>Azuvi Fatima Mud prihaja iz \u0160panije, ki je znana po zelo kvalitetni keramiki v svetovnem merilu. Velikost te plo\u0161\u010dice je 30&#215;90 cm in je primerna za razli\u010dne povr\u0161ine. 10 mm debeline je dovolj tudi za zahtevnej\u0161e kupce. Zelo moderna plo\u0161\u010dica v be\u017e barvi popestri prav vsak prostor. Namesto 44,18 EUR kot bi za to plo\u0161\u010dico od\u0161teli v klasi\u010dni trgovini, boste v na\u0161i spletni prodajalni od\u0161teli le 35,34 EUR.<\/p>\n<p>Kliknite na ime kolekcije za ogled vseh plo\u0161\u010dic iz te serije: <a class=\"pdfcatal\" href=\"\/\/www.ceramictiles.com\/pdf\/azuvi\/catalogue_azuvi_fatima.pdf\" onclick=\"recordOutboundLink(this, 'E-mail', 'Description PDF');return false;\">Azuvi Ceramica Fatima<\/a><\/p>\n<p>\u010ce \u017eelite naro\u010diti model iz pdf kataloga te kolekcije, nam pi\u0161ite na: <a href=\"mailto:keramoteka.salon@gmail.com\" onclick=\"recordOutboundLink(this, 'E-mail', 'Description mail');return false;\">keramoteka.salon@gmail.com<\/a> ali pa nas pokli\u010dite na: +386 31 255 900.<\/p>\n","protected":false},"excerpt":{"rendered":"<p>Azuvi Fatima Mud prihaja iz \u0160panije, ki je znana po zelo kvalitetni keramiki v svetovnem merilu. Velikost te plo\u0161\u010dice je 30&#215;90 cm in je primerna za razli\u010dne povr\u0161ine. 10 mm debeline je dovolj tudi za zahtevnej\u0161e kupce. Zelo moderna plo\u0161\u010dica v be\u017e barvi popestri prav vsak prostor. Namesto 44,18 EUR kot bi za to plo\u0161\u010dico [&hellip;]<\/p>\n","protected":false},"featured_media":107436,"template":"","meta":[],"product_cat":[99921412,200,999],"product_tag":[],"_links":{"self":[{"href":"https:\/\/www.keramika.com\/slovenija\/wp-json\/wp\/v2\/product\/107435"}],"collection":[{"href":"https:\/\/www.keramika.com\/slovenija\/wp-json\/wp\/v2\/product"}],"about":[{"href":"https:\/\/www.keramika.com\/slovenija\/wp-json\/wp\/v2\/types\/product"}],"wp:featuredmedia":[{"embeddable":true,"href":"https:\/\/www.keramika.com\/slovenija\/wp-json\/wp\/v2\/media\/107436"}],"wp:attachment":[{"href":"https:\/\/www.keramika.com\/slovenija\/wp-json\/wp\/v2\/media?parent=107435"}],"wp:term":[{"taxonomy":"product_cat","embeddable":true,"href":"https:\/\/www.keramika.com\/slovenija\/wp-json\/wp\/v2\/product_cat?post=107435"},{"taxonomy":"product_tag","embeddable":true,"href":"https:\/\/www.keramika.com\/slovenija\/wp-json\/wp\/v2\/product_tag?post=107435"}],"curies":[{"name":"wp","href":"https:\/\/api.w.org\/{rel}","templated":true}]}}