{"id":107431,"date":"2017-03-23T02:34:30","date_gmt":"2017-03-23T02:34:30","guid":{"rendered":"http:\/\/keramika.holest.com\/slovenija\/product\/stenske-dekorativne-ploscice-azuvi-deco-pearl\/"},"modified":"2026-01-05T00:01:04","modified_gmt":"2026-01-05T00:01:04","slug":"stenske-dekorativne-ploscice-azuvi-deco-pearl","status":"publish","type":"product","link":"https:\/\/www.keramika.com\/slovenija\/stenske-dekorativne-ploscice-azuvi-deco-pearl\/","title":{"rendered":"Stenske dekorativne plo\u0161\u010dice Azuvi Deco Pearl"},"content":{"rendered":"<p>Azuvi Deco Pearl je plo\u0161\u010dica proizvajalca Azuvi Ceramica in prihaja iz \u0160panije. Dimenzije te plo\u0161\u010dice so 20&#215;20 cm. V redni prodaji bi morali za to plo\u0161\u010dico od\u0161teti 28,47 EUR, spletna cena pa zna\u0161a le 22,78 EUR. 10 mm debeline je dovolj tudi za zahtevnej\u0161e kupce. Ta plo\u0161\u010dica je na voljo v \u010dudoviti beli barvi, \u010de \u017eelite kak\u0161no drugo barvo pa nas kontaktirajte in preverili bomo pri proizvajalcu.<\/p>\n<p>Kliknite na ime kolekcije za ogled vseh plo\u0161\u010dic iz te serije: <a class=\"pdfcatal\" href=\"\/\/www.ceramictiles.com\/pdf\/azuvi\/catalogue_azuvi_deco.pdf\" onclick=\"recordOutboundLink(this, 'E-mail', 'Description PDF');return false;\">Azuvi Ceramica Deco<\/a><\/p>\n<p>\u010ce \u017eelite naro\u010diti model iz pdf kataloga te kolekcije, nam pi\u0161ite na: <a href=\"mailto:keramoteka.salon@gmail.com\" onclick=\"recordOutboundLink(this, 'E-mail', 'Description mail');return false;\">keramoteka.salon@gmail.com<\/a> ali pa nas pokli\u010dite na: +386 31 255 900.<\/p>\n","protected":false},"excerpt":{"rendered":"<p>Azuvi Deco Pearl je plo\u0161\u010dica proizvajalca Azuvi Ceramica in prihaja iz \u0160panije. Dimenzije te plo\u0161\u010dice so 20&#215;20 cm. V redni prodaji bi morali za to plo\u0161\u010dico od\u0161teti 28,47 EUR, spletna cena pa zna\u0161a le 22,78 EUR. 10 mm debeline je dovolj tudi za zahtevnej\u0161e kupce. Ta plo\u0161\u010dica je na voljo v \u010dudoviti beli barvi, \u010de [&hellip;]<\/p>\n","protected":false},"featured_media":107432,"template":"","meta":[],"product_cat":[99921412,200,999],"product_tag":[99921974],"_links":{"self":[{"href":"https:\/\/www.keramika.com\/slovenija\/wp-json\/wp\/v2\/product\/107431"}],"collection":[{"href":"https:\/\/www.keramika.com\/slovenija\/wp-json\/wp\/v2\/product"}],"about":[{"href":"https:\/\/www.keramika.com\/slovenija\/wp-json\/wp\/v2\/types\/product"}],"wp:featuredmedia":[{"embeddable":true,"href":"https:\/\/www.keramika.com\/slovenija\/wp-json\/wp\/v2\/media\/107432"}],"wp:attachment":[{"href":"https:\/\/www.keramika.com\/slovenija\/wp-json\/wp\/v2\/media?parent=107431"}],"wp:term":[{"taxonomy":"product_cat","embeddable":true,"href":"https:\/\/www.keramika.com\/slovenija\/wp-json\/wp\/v2\/product_cat?post=107431"},{"taxonomy":"product_tag","embeddable":true,"href":"https:\/\/www.keramika.com\/slovenija\/wp-json\/wp\/v2\/product_tag?post=107431"}],"curies":[{"name":"wp","href":"https:\/\/api.w.org\/{rel}","templated":true}]}}