{"id":107429,"date":"2017-03-23T02:34:22","date_gmt":"2017-03-23T02:34:22","guid":{"rendered":"http:\/\/keramika.holest.com\/slovenija\/product\/stenske-dekorativne-ploscice-azuvi-circle-white\/"},"modified":"2026-01-05T00:01:04","modified_gmt":"2026-01-05T00:01:04","slug":"stenske-dekorativne-ploscice-azuvi-circle-white","status":"publish","type":"product","link":"https:\/\/www.keramika.com\/slovenija\/stenske-dekorativne-ploscice-azuvi-circle-white\/","title":{"rendered":"Stenske dekorativne plo\u0161\u010dice Azuvi Circle White"},"content":{"rendered":"<p>Z velikostjo 20&#215;20 cm je ta plo\u0161\u010dica primerna ze razli\u010dne povr\u0161ine. Keramika v beli barvi popestri vsak prostor. Redna cena te plo\u0161\u010dice v maloprodaji zna\u0161a 28,47 EUR, v na\u0161i spletni trgovini pa jo lahko dobite \u017ee za 22,78 EUR. 10 mm je debelina, ki zadovolji tudi zahtevnej\u0161e kupce. Azuvi Circle White je plo\u0161\u010dica proizvajalca Azuvi Ceramica in prihaja iz \u0160panije.<\/p>\n<p>Kliknite na ime kolekcije za ogled vseh plo\u0161\u010dic iz te serije: <a class=\"pdfcatal\" href=\"\/\/www.ceramictiles.com\/pdf\/azuvi\/catalogue_azuvi_circle_and_convex.pdf\" onclick=\"recordOutboundLink(this, 'E-mail', 'Description PDF');return false;\">Azuvi Ceramica Circle and Convex<\/a><\/p>\n<p>\u010ce \u017eelite naro\u010diti model iz pdf kataloga te kolekcije, nam pi\u0161ite na: <a href=\"mailto:keramoteka.salon@gmail.com\" onclick=\"recordOutboundLink(this, 'E-mail', 'Description mail');return false;\">keramoteka.salon@gmail.com<\/a> ali pa nas pokli\u010dite na: +386 31 255 900.<\/p>\n","protected":false},"excerpt":{"rendered":"<p>Z velikostjo 20&#215;20 cm je ta plo\u0161\u010dica primerna ze razli\u010dne povr\u0161ine. Keramika v beli barvi popestri vsak prostor. Redna cena te plo\u0161\u010dice v maloprodaji zna\u0161a 28,47 EUR, v na\u0161i spletni trgovini pa jo lahko dobite \u017ee za 22,78 EUR. 10 mm je debelina, ki zadovolji tudi zahtevnej\u0161e kupce. Azuvi Circle White je plo\u0161\u010dica proizvajalca Azuvi [&hellip;]<\/p>\n","protected":false},"featured_media":107430,"template":"","meta":[],"product_cat":[99921412,200,999],"product_tag":[99921973,99921974],"_links":{"self":[{"href":"https:\/\/www.keramika.com\/slovenija\/wp-json\/wp\/v2\/product\/107429"}],"collection":[{"href":"https:\/\/www.keramika.com\/slovenija\/wp-json\/wp\/v2\/product"}],"about":[{"href":"https:\/\/www.keramika.com\/slovenija\/wp-json\/wp\/v2\/types\/product"}],"wp:featuredmedia":[{"embeddable":true,"href":"https:\/\/www.keramika.com\/slovenija\/wp-json\/wp\/v2\/media\/107430"}],"wp:attachment":[{"href":"https:\/\/www.keramika.com\/slovenija\/wp-json\/wp\/v2\/media?parent=107429"}],"wp:term":[{"taxonomy":"product_cat","embeddable":true,"href":"https:\/\/www.keramika.com\/slovenija\/wp-json\/wp\/v2\/product_cat?post=107429"},{"taxonomy":"product_tag","embeddable":true,"href":"https:\/\/www.keramika.com\/slovenija\/wp-json\/wp\/v2\/product_tag?post=107429"}],"curies":[{"name":"wp","href":"https:\/\/api.w.org\/{rel}","templated":true}]}}