{"id":107421,"date":"2017-03-23T02:33:52","date_gmt":"2017-03-23T02:33:52","guid":{"rendered":"http:\/\/keramika.holest.com\/slovenija\/product\/mozaik-ploscice-za-kopalnico-azuvi-antique-white\/"},"modified":"2026-01-05T00:01:03","modified_gmt":"2026-01-05T00:01:03","slug":"mozaik-ploscice-za-kopalnico-azuvi-antique-white","status":"publish","type":"product","link":"https:\/\/www.keramika.com\/slovenija\/mozaik-ploscice-za-kopalnico-azuvi-antique-white\/","title":{"rendered":"Mozaik plo\u0161\u010dice za kopalnico Azuvi Antique White"},"content":{"rendered":"<p>Ta model plo\u0161\u010dice se najbolje prodaja v beli barvi. Velikost te plo\u0161\u010dice je 25&#215;40 cm in je primerna za razli\u010dne povr\u0161ine. Azuvi Antique White je na voljo po zelo ugodni ceni 24,58 EUR. 10 mm debeline je dovolj tudi za zahtevnej\u0161e kupce. To plo\u0161\u010dico je izdelal proizvajalec Azuvi Ceramica, ki prihaja iz \u0160panije.<\/p>\n<p>Kliknite na ime kolekcije za ogled vseh plo\u0161\u010dic iz te serije: <a class=\"pdfcatal\" href=\"\/\/www.ceramictiles.com\/pdf\/azuvi\/catalogue_azuvi_antique.pdf\" onclick=\"recordOutboundLink(this, 'E-mail', 'Description PDF');return false;\">Azuvi Ceramica Antique<\/a><\/p>\n<p>\u010ce \u017eelite naro\u010diti model iz pdf kataloga te kolekcije, nam pi\u0161ite na: <a href=\"mailto:keramoteka.salon@gmail.com\" onclick=\"recordOutboundLink(this, 'E-mail', 'Description mail');return false;\">keramoteka.salon@gmail.com<\/a> ali pa nas pokli\u010dite na: +386 31 255 900.<\/p>\n","protected":false},"excerpt":{"rendered":"<p>Ta model plo\u0161\u010dice se najbolje prodaja v beli barvi. Velikost te plo\u0161\u010dice je 25&#215;40 cm in je primerna za razli\u010dne povr\u0161ine. Azuvi Antique White je na voljo po zelo ugodni ceni 24,58 EUR. 10 mm debeline je dovolj tudi za zahtevnej\u0161e kupce. To plo\u0161\u010dico je izdelal proizvajalec Azuvi Ceramica, ki prihaja iz \u0160panije. Kliknite na [&hellip;]<\/p>\n","protected":false},"featured_media":107422,"template":"","meta":[],"product_cat":[99921412,200,999],"product_tag":[99921973,99921980],"_links":{"self":[{"href":"https:\/\/www.keramika.com\/slovenija\/wp-json\/wp\/v2\/product\/107421"}],"collection":[{"href":"https:\/\/www.keramika.com\/slovenija\/wp-json\/wp\/v2\/product"}],"about":[{"href":"https:\/\/www.keramika.com\/slovenija\/wp-json\/wp\/v2\/types\/product"}],"wp:featuredmedia":[{"embeddable":true,"href":"https:\/\/www.keramika.com\/slovenija\/wp-json\/wp\/v2\/media\/107422"}],"wp:attachment":[{"href":"https:\/\/www.keramika.com\/slovenija\/wp-json\/wp\/v2\/media?parent=107421"}],"wp:term":[{"taxonomy":"product_cat","embeddable":true,"href":"https:\/\/www.keramika.com\/slovenija\/wp-json\/wp\/v2\/product_cat?post=107421"},{"taxonomy":"product_tag","embeddable":true,"href":"https:\/\/www.keramika.com\/slovenija\/wp-json\/wp\/v2\/product_tag?post=107421"}],"curies":[{"name":"wp","href":"https:\/\/api.w.org\/{rel}","templated":true}]}}