{"id":107419,"date":"2017-03-23T02:33:45","date_gmt":"2017-03-23T02:33:45","guid":{"rendered":"http:\/\/keramika.holest.com\/slovenija\/product\/pamesa-vetro-salmon\/"},"modified":"2026-01-05T00:01:03","modified_gmt":"2026-01-05T00:01:03","slug":"pamesa-vetro-salmon","status":"publish","type":"product","link":"https:\/\/www.keramika.com\/slovenija\/pamesa-vetro-salmon\/","title":{"rendered":"Pamesa Vetro Salmon"},"content":{"rendered":"<p>24,62 EUR v klasi\u010dni trgovini, pri nas pa le 19,7 EUR. Z 25&#215;40 cm je ta plo\u0161\u010dica primerna za razli\u010dne podlage. Ta plo\u0161\u010dica je na voljo v \u010dudoviti oran\u017eni barvi, \u010de \u017eelite kak\u0161no drugo barvo pa nas kontaktirajte in preverili bomo pri proizvajalcu. Pamesa Vetro Salmon je pripeljana iz \u0160panije in je zelo kvalitetna. 9 mm debeline je dovolj tudi za zahtevnej\u0161e kupce.<\/p>\n<p>Kliknite na ime kolekcije za ogled vseh plo\u0161\u010dic iz te serije: <a class=\"pdfcatal\" href=\"\/\/www.ceramictiles.com\/pdf\/pamesa\/catalogue_pamesa_vetro.pdf\" onclick=\"recordOutboundLink(this, 'E-mail', 'Description PDF');return false;\">Pamesa Ceramica Vetro<\/a><\/p>\n<p>\u010ce \u017eelite naro\u010diti model iz pdf kataloga te kolekcije, nam pi\u0161ite na: <a href=\"mailto:keramoteka.salon@gmail.com\" onclick=\"recordOutboundLink(this, 'E-mail', 'Description mail');return false;\">keramoteka.salon@gmail.com<\/a> ali pa nas pokli\u010dite na: +386 31 255 900.<\/p>\n","protected":false},"excerpt":{"rendered":"<p>24,62 EUR v klasi\u010dni trgovini, pri nas pa le 19,7 EUR. Z 25&#215;40 cm je ta plo\u0161\u010dica primerna za razli\u010dne podlage. Ta plo\u0161\u010dica je na voljo v \u010dudoviti oran\u017eni barvi, \u010de \u017eelite kak\u0161no drugo barvo pa nas kontaktirajte in preverili bomo pri proizvajalcu. Pamesa Vetro Salmon je pripeljana iz \u0160panije in je zelo kvalitetna. 9 [&hellip;]<\/p>\n","protected":false},"featured_media":107420,"template":"","meta":[],"product_cat":[200,999107,999],"product_tag":[],"_links":{"self":[{"href":"https:\/\/www.keramika.com\/slovenija\/wp-json\/wp\/v2\/product\/107419"}],"collection":[{"href":"https:\/\/www.keramika.com\/slovenija\/wp-json\/wp\/v2\/product"}],"about":[{"href":"https:\/\/www.keramika.com\/slovenija\/wp-json\/wp\/v2\/types\/product"}],"wp:featuredmedia":[{"embeddable":true,"href":"https:\/\/www.keramika.com\/slovenija\/wp-json\/wp\/v2\/media\/107420"}],"wp:attachment":[{"href":"https:\/\/www.keramika.com\/slovenija\/wp-json\/wp\/v2\/media?parent=107419"}],"wp:term":[{"taxonomy":"product_cat","embeddable":true,"href":"https:\/\/www.keramika.com\/slovenija\/wp-json\/wp\/v2\/product_cat?post=107419"},{"taxonomy":"product_tag","embeddable":true,"href":"https:\/\/www.keramika.com\/slovenija\/wp-json\/wp\/v2\/product_tag?post=107419"}],"curies":[{"name":"wp","href":"https:\/\/api.w.org\/{rel}","templated":true}]}}