{"id":107411,"date":"2017-03-23T02:33:14","date_gmt":"2017-03-23T02:33:14","guid":{"rendered":"http:\/\/keramika.holest.com\/slovenija\/product\/pamesa-urbana-relieve-lineal-wengue\/"},"modified":"2026-01-05T00:01:02","modified_gmt":"2026-01-05T00:01:02","slug":"pamesa-urbana-relieve-lineal-wengue","status":"publish","type":"product","link":"https:\/\/www.keramika.com\/slovenija\/pamesa-urbana-relieve-lineal-wengue\/","title":{"rendered":"Pamesa Urbana Relieve Lineal Wengue"},"content":{"rendered":"<p>Pamesa Urbana Relieve Lineal Wengue je na voljo po zelo ugodni ceni 21,86 EUR. Pamesa Urbana Relieve Lineal Wengue je pripeljana iz \u0160panije in je zelo kvalitetna. Velikost te plo\u0161\u010dice je 31,6&#215;45 cm in je primerna za razli\u010dne povr\u0161ine. Debelina plo\u0161\u010dice je zelo pomembna in 9 mm uvr\u0161\u010da to plo\u0161\u010dico med najkvalitetnej\u0161e. Pri izbiri plo\u0161\u010dice v rjavi barvi ne morete zgre\u0161iti.<\/p>\n<p>Kliknite na ime kolekcije za ogled vseh plo\u0161\u010dic iz te serije: <a class=\"pdfcatal\" href=\"\/\/www.ceramictiles.com\/pdf\/pamesa\/catalogue_pamesa_urbana_rlv_lineal.pdf\" onclick=\"recordOutboundLink(this, 'E-mail', 'Description PDF');return false;\">Pamesa Ceramica Urbana Rlv Lineal<\/a><\/p>\n<p>\u010ce \u017eelite naro\u010diti model iz pdf kataloga te kolekcije, nam pi\u0161ite na: <a href=\"mailto:keramoteka.salon@gmail.com\" onclick=\"recordOutboundLink(this, 'E-mail', 'Description mail');return false;\">keramoteka.salon@gmail.com<\/a> ali pa nas pokli\u010dite na: +386 31 255 900.<\/p>\n<p>Technical description: 31,6&#215;45,2<\/p>\n","protected":false},"excerpt":{"rendered":"<p>Pamesa Urbana Relieve Lineal Wengue je na voljo po zelo ugodni ceni 21,86 EUR. Pamesa Urbana Relieve Lineal Wengue je pripeljana iz \u0160panije in je zelo kvalitetna. Velikost te plo\u0161\u010dice je 31,6&#215;45 cm in je primerna za razli\u010dne povr\u0161ine. Debelina plo\u0161\u010dice je zelo pomembna in 9 mm uvr\u0161\u010da to plo\u0161\u010dico med najkvalitetnej\u0161e. Pri izbiri plo\u0161\u010dice [&hellip;]<\/p>\n","protected":false},"featured_media":107412,"template":"","meta":[],"product_cat":[200,999107,999],"product_tag":[],"_links":{"self":[{"href":"https:\/\/www.keramika.com\/slovenija\/wp-json\/wp\/v2\/product\/107411"}],"collection":[{"href":"https:\/\/www.keramika.com\/slovenija\/wp-json\/wp\/v2\/product"}],"about":[{"href":"https:\/\/www.keramika.com\/slovenija\/wp-json\/wp\/v2\/types\/product"}],"wp:featuredmedia":[{"embeddable":true,"href":"https:\/\/www.keramika.com\/slovenija\/wp-json\/wp\/v2\/media\/107412"}],"wp:attachment":[{"href":"https:\/\/www.keramika.com\/slovenija\/wp-json\/wp\/v2\/media?parent=107411"}],"wp:term":[{"taxonomy":"product_cat","embeddable":true,"href":"https:\/\/www.keramika.com\/slovenija\/wp-json\/wp\/v2\/product_cat?post=107411"},{"taxonomy":"product_tag","embeddable":true,"href":"https:\/\/www.keramika.com\/slovenija\/wp-json\/wp\/v2\/product_tag?post=107411"}],"curies":[{"name":"wp","href":"https:\/\/api.w.org\/{rel}","templated":true}]}}