{"id":107405,"date":"2017-03-23T02:32:53","date_gmt":"2017-03-23T02:32:53","guid":{"rendered":"http:\/\/keramika.holest.com\/slovenija\/product\/pamesa-pireo-marfil\/"},"modified":"2026-01-05T00:01:02","modified_gmt":"2026-01-05T00:01:02","slug":"pamesa-pireo-marfil","status":"publish","type":"product","link":"https:\/\/www.keramika.com\/slovenija\/pamesa-pireo-marfil\/","title":{"rendered":"Pamesa Pireo Marfil"},"content":{"rendered":"<p>Debelina plo\u0161\u010dice je zelo pomembna in 9 mm uvr\u0161\u010da to plo\u0161\u010dico med najkvalitetnej\u0161e. Pri izbiri plo\u0161\u010dice v be\u017e barvi ne morete zgre\u0161iti. Namesto 27,32 EUR kot bi za to plo\u0161\u010dico od\u0161teli v klasi\u010dni trgovini, boste v na\u0161i spletni prodajalni od\u0161teli le 21,86 EUR. Z velikostjo 31,6&#215;45 cm je ta plo\u0161\u010dica primerna ze razli\u010dne povr\u0161ine. Pamesa Pireo Marfil je plo\u0161\u010dica proizvajalca Pamesa Ceramica in prihaja iz \u0160panije.<\/p>\n<p>Kliknite na ime kolekcije za ogled vseh plo\u0161\u010dic iz te serije: <a class=\"pdfcatal\" href=\"\/\/www.ceramictiles.com\/pdf\/pamesa\/catalogue_pamesa_pireo.pdf\" onclick=\"recordOutboundLink(this, 'E-mail', 'Description PDF');return false;\">Pamesa Ceramica Pireo<\/a><\/p>\n<p>\u010ce \u017eelite naro\u010diti model iz pdf kataloga te kolekcije, nam pi\u0161ite na: <a href=\"mailto:keramoteka.salon@gmail.com\" onclick=\"recordOutboundLink(this, 'E-mail', 'Description mail');return false;\">keramoteka.salon@gmail.com<\/a> ali pa nas pokli\u010dite na: +386 31 255 900.<\/p>\n<p>Technical description: 31,6&#215;45,2<\/p>\n","protected":false},"excerpt":{"rendered":"<p>Debelina plo\u0161\u010dice je zelo pomembna in 9 mm uvr\u0161\u010da to plo\u0161\u010dico med najkvalitetnej\u0161e. Pri izbiri plo\u0161\u010dice v be\u017e barvi ne morete zgre\u0161iti. Namesto 27,32 EUR kot bi za to plo\u0161\u010dico od\u0161teli v klasi\u010dni trgovini, boste v na\u0161i spletni prodajalni od\u0161teli le 21,86 EUR. Z velikostjo 31,6&#215;45 cm je ta plo\u0161\u010dica primerna ze razli\u010dne povr\u0161ine. Pamesa [&hellip;]<\/p>\n","protected":false},"featured_media":107406,"template":"","meta":[],"product_cat":[200,999107,999],"product_tag":[],"_links":{"self":[{"href":"https:\/\/www.keramika.com\/slovenija\/wp-json\/wp\/v2\/product\/107405"}],"collection":[{"href":"https:\/\/www.keramika.com\/slovenija\/wp-json\/wp\/v2\/product"}],"about":[{"href":"https:\/\/www.keramika.com\/slovenija\/wp-json\/wp\/v2\/types\/product"}],"wp:featuredmedia":[{"embeddable":true,"href":"https:\/\/www.keramika.com\/slovenija\/wp-json\/wp\/v2\/media\/107406"}],"wp:attachment":[{"href":"https:\/\/www.keramika.com\/slovenija\/wp-json\/wp\/v2\/media?parent=107405"}],"wp:term":[{"taxonomy":"product_cat","embeddable":true,"href":"https:\/\/www.keramika.com\/slovenija\/wp-json\/wp\/v2\/product_cat?post=107405"},{"taxonomy":"product_tag","embeddable":true,"href":"https:\/\/www.keramika.com\/slovenija\/wp-json\/wp\/v2\/product_tag?post=107405"}],"curies":[{"name":"wp","href":"https:\/\/api.w.org\/{rel}","templated":true}]}}