{"id":107403,"date":"2017-03-23T02:32:45","date_gmt":"2017-03-23T02:32:45","guid":{"rendered":"http:\/\/keramika.holest.com\/slovenija\/product\/pamesa-petra-cuadro-marfil\/"},"modified":"2026-01-05T00:01:02","modified_gmt":"2026-01-05T00:01:02","slug":"pamesa-petra-cuadro-marfil","status":"publish","type":"product","link":"https:\/\/www.keramika.com\/slovenija\/pamesa-petra-cuadro-marfil\/","title":{"rendered":"Pamesa Petra Cuadro Marfil"},"content":{"rendered":"<p>Pamesa Petra Cuadro Marfil je plo\u0161\u010dica proizvajalca Pamesa Ceramica in prihaja iz \u0160panije. Zaradi ni\u017ejih stro\u0161kov pri spletni prodaji boste na na\u0161i strani za to plo\u0161\u010dico od\u0161teli le 21,86 EUR. Velikost te plo\u0161\u010dice je 45&#215;45 cm in je primerna za razli\u010dne povr\u0161ine. Ta kerami\u010dna plo\u0161\u010dica v \u010dudoviti be\u017e barvi bo obogatila vsak prostor. 9 mm je debelina, ki zadovolji tudi zahtevnej\u0161e kupce.<\/p>\n<p>Kliknite na ime kolekcije za ogled vseh plo\u0161\u010dic iz te serije: <a class=\"pdfcatal\" href=\"\/\/www.ceramictiles.com\/pdf\/pamesa\/catalogue_pamesa_petra_cuadro.pdf\" onclick=\"recordOutboundLink(this, 'E-mail', 'Description PDF');return false;\">Pamesa Ceramica Petra Cuadro<\/a><\/p>\n<p>\u010ce \u017eelite naro\u010diti model iz pdf kataloga te kolekcije, nam pi\u0161ite na: <a href=\"mailto:keramoteka.salon@gmail.com\" onclick=\"recordOutboundLink(this, 'E-mail', 'Description mail');return false;\">keramoteka.salon@gmail.com<\/a> ali pa nas pokli\u010dite na: +386 31 255 900.<\/p>\n","protected":false},"excerpt":{"rendered":"<p>Pamesa Petra Cuadro Marfil je plo\u0161\u010dica proizvajalca Pamesa Ceramica in prihaja iz \u0160panije. Zaradi ni\u017ejih stro\u0161kov pri spletni prodaji boste na na\u0161i strani za to plo\u0161\u010dico od\u0161teli le 21,86 EUR. Velikost te plo\u0161\u010dice je 45&#215;45 cm in je primerna za razli\u010dne povr\u0161ine. Ta kerami\u010dna plo\u0161\u010dica v \u010dudoviti be\u017e barvi bo obogatila vsak prostor. 9 mm [&hellip;]<\/p>\n","protected":false},"featured_media":107404,"template":"","meta":[],"product_cat":[200,999107,999],"product_tag":[],"_links":{"self":[{"href":"https:\/\/www.keramika.com\/slovenija\/wp-json\/wp\/v2\/product\/107403"}],"collection":[{"href":"https:\/\/www.keramika.com\/slovenija\/wp-json\/wp\/v2\/product"}],"about":[{"href":"https:\/\/www.keramika.com\/slovenija\/wp-json\/wp\/v2\/types\/product"}],"wp:featuredmedia":[{"embeddable":true,"href":"https:\/\/www.keramika.com\/slovenija\/wp-json\/wp\/v2\/media\/107404"}],"wp:attachment":[{"href":"https:\/\/www.keramika.com\/slovenija\/wp-json\/wp\/v2\/media?parent=107403"}],"wp:term":[{"taxonomy":"product_cat","embeddable":true,"href":"https:\/\/www.keramika.com\/slovenija\/wp-json\/wp\/v2\/product_cat?post=107403"},{"taxonomy":"product_tag","embeddable":true,"href":"https:\/\/www.keramika.com\/slovenija\/wp-json\/wp\/v2\/product_tag?post=107403"}],"curies":[{"name":"wp","href":"https:\/\/api.w.org\/{rel}","templated":true}]}}