{"id":107379,"date":"2017-03-23T02:31:16","date_gmt":"2017-03-23T02:31:16","guid":{"rendered":"http:\/\/keramika.holest.com\/slovenija\/product\/pamesa-torcello-blanco\/"},"modified":"2026-01-05T00:00:59","modified_gmt":"2026-01-05T00:00:59","slug":"pamesa-torcello-blanco","status":"publish","type":"product","link":"https:\/\/www.keramika.com\/slovenija\/pamesa-torcello-blanco\/","title":{"rendered":"Pamesa Torcello Blanco"},"content":{"rendered":"<p>Pamesa Torcello Blanco je na voljo po zelo ugodni ceni 23,04 EUR. Pamesa Torcello Blanco je plo\u0161\u010dica proizvajalca Pamesa Ceramica in prihaja iz \u0160panije. Plo\u0161\u010dica na sliki je velika 20&#215;45,2 cm. Pri izbiri plo\u0161\u010dice v beli barvi ne morete zgre\u0161iti. 9 mm je debelina, ki zadovolji tudi zahtevnej\u0161e kupce.<\/p>\n<p>Kliknite na ime kolekcije za ogled vseh plo\u0161\u010dic iz te serije: <a class=\"pdfcatal\" href=\"\/\/www.ceramictiles.com\/pdf\/pamesa\/catalogue_pamesa_torcello.pdf\" onclick=\"recordOutboundLink(this, 'E-mail', 'Description PDF');return false;\">Pamesa Ceramica Torcello<\/a><\/p>\n<p>\u010ce \u017eelite naro\u010diti model iz pdf kataloga te kolekcije, nam pi\u0161ite na: <a href=\"mailto:keramoteka.salon@gmail.com\" onclick=\"recordOutboundLink(this, 'E-mail', 'Description mail');return false;\">keramoteka.salon@gmail.com<\/a> ali pa nas pokli\u010dite na: +386 31 255 900.<\/p>\n","protected":false},"excerpt":{"rendered":"<p>Pamesa Torcello Blanco je na voljo po zelo ugodni ceni 23,04 EUR. Pamesa Torcello Blanco je plo\u0161\u010dica proizvajalca Pamesa Ceramica in prihaja iz \u0160panije. Plo\u0161\u010dica na sliki je velika 20&#215;45,2 cm. Pri izbiri plo\u0161\u010dice v beli barvi ne morete zgre\u0161iti. 9 mm je debelina, ki zadovolji tudi zahtevnej\u0161e kupce. Kliknite na ime kolekcije za ogled [&hellip;]<\/p>\n","protected":false},"featured_media":107380,"template":"","meta":[],"product_cat":[200,999107,999],"product_tag":[],"_links":{"self":[{"href":"https:\/\/www.keramika.com\/slovenija\/wp-json\/wp\/v2\/product\/107379"}],"collection":[{"href":"https:\/\/www.keramika.com\/slovenija\/wp-json\/wp\/v2\/product"}],"about":[{"href":"https:\/\/www.keramika.com\/slovenija\/wp-json\/wp\/v2\/types\/product"}],"wp:featuredmedia":[{"embeddable":true,"href":"https:\/\/www.keramika.com\/slovenija\/wp-json\/wp\/v2\/media\/107380"}],"wp:attachment":[{"href":"https:\/\/www.keramika.com\/slovenija\/wp-json\/wp\/v2\/media?parent=107379"}],"wp:term":[{"taxonomy":"product_cat","embeddable":true,"href":"https:\/\/www.keramika.com\/slovenija\/wp-json\/wp\/v2\/product_cat?post=107379"},{"taxonomy":"product_tag","embeddable":true,"href":"https:\/\/www.keramika.com\/slovenija\/wp-json\/wp\/v2\/product_tag?post=107379"}],"curies":[{"name":"wp","href":"https:\/\/api.w.org\/{rel}","templated":true}]}}