{"id":107353,"date":"2017-03-23T02:29:45","date_gmt":"2017-03-23T02:29:45","guid":{"rendered":"http:\/\/keramika.holest.com\/slovenija\/product\/pamesa-viena-perla\/"},"modified":"2026-01-05T00:00:56","modified_gmt":"2026-01-05T00:00:56","slug":"pamesa-viena-perla","status":"publish","type":"product","link":"https:\/\/www.keramika.com\/slovenija\/pamesa-viena-perla\/","title":{"rendered":"Pamesa Viena Perla"},"content":{"rendered":"<p>Debelina kar 9 mm dela to plo\u0161\u010dico zelo trpe\u017eno in presti\u017eno na otip. Redna cena te plo\u0161\u010dice v maloprodaji zna\u0161a 34,78 EUR, v na\u0161i spletni trgovini pa jo lahko dobite \u017ee za 27,82 EUR. Z 20&#215;60 cm je ta plo\u0161\u010dica primerna za razli\u010dne podlage. Zelo moderna plo\u0161\u010dica v beli barvi popestri prav vsak prostor. Pamesa Viena Perla prihaja iz \u0160panije, ki je znana po zelo kvalitetni keramiki v svetovnem merilu.<\/p>\n<p>Kliknite na ime kolekcije za ogled vseh plo\u0161\u010dic iz te serije: <a class=\"pdfcatal\" href=\"\/\/www.ceramictiles.com\/pdf\/pamesa\/catalogue_pamesa_viena.pdf\" onclick=\"recordOutboundLink(this, 'E-mail', 'Description PDF');return false;\">Pamesa Ceramica Viena<\/a><\/p>\n<p>\u010ce \u017eelite naro\u010diti model iz pdf kataloga te kolekcije, nam pi\u0161ite na: <a href=\"mailto:keramoteka.salon@gmail.com\" onclick=\"recordOutboundLink(this, 'E-mail', 'Description mail');return false;\">keramoteka.salon@gmail.com<\/a> ali pa nas pokli\u010dite na: +386 31 255 900.<\/p>\n","protected":false},"excerpt":{"rendered":"<p>Debelina kar 9 mm dela to plo\u0161\u010dico zelo trpe\u017eno in presti\u017eno na otip. Redna cena te plo\u0161\u010dice v maloprodaji zna\u0161a 34,78 EUR, v na\u0161i spletni trgovini pa jo lahko dobite \u017ee za 27,82 EUR. Z 20&#215;60 cm je ta plo\u0161\u010dica primerna za razli\u010dne podlage. Zelo moderna plo\u0161\u010dica v beli barvi popestri prav vsak prostor. Pamesa [&hellip;]<\/p>\n","protected":false},"featured_media":107354,"template":"","meta":[],"product_cat":[200,999107,999],"product_tag":[],"_links":{"self":[{"href":"https:\/\/www.keramika.com\/slovenija\/wp-json\/wp\/v2\/product\/107353"}],"collection":[{"href":"https:\/\/www.keramika.com\/slovenija\/wp-json\/wp\/v2\/product"}],"about":[{"href":"https:\/\/www.keramika.com\/slovenija\/wp-json\/wp\/v2\/types\/product"}],"wp:featuredmedia":[{"embeddable":true,"href":"https:\/\/www.keramika.com\/slovenija\/wp-json\/wp\/v2\/media\/107354"}],"wp:attachment":[{"href":"https:\/\/www.keramika.com\/slovenija\/wp-json\/wp\/v2\/media?parent=107353"}],"wp:term":[{"taxonomy":"product_cat","embeddable":true,"href":"https:\/\/www.keramika.com\/slovenija\/wp-json\/wp\/v2\/product_cat?post=107353"},{"taxonomy":"product_tag","embeddable":true,"href":"https:\/\/www.keramika.com\/slovenija\/wp-json\/wp\/v2\/product_tag?post=107353"}],"curies":[{"name":"wp","href":"https:\/\/api.w.org\/{rel}","templated":true}]}}