{"id":107347,"date":"2017-03-23T02:29:22","date_gmt":"2017-03-23T02:29:22","guid":{"rendered":"http:\/\/keramika.holest.com\/slovenija\/product\/pamesa-termal-oxid\/"},"modified":"2026-01-05T00:00:56","modified_gmt":"2026-01-05T00:00:56","slug":"pamesa-termal-oxid","status":"publish","type":"product","link":"https:\/\/www.keramika.com\/slovenija\/pamesa-termal-oxid\/","title":{"rendered":"Pamesa Termal Oxid"},"content":{"rendered":"<p>Velikost te plo\u0161\u010dice je 30&#215;60 cm. To plo\u0161\u010dico je izdelal proizvajalec Pamesa Ceramica, ki prihaja iz \u0160panije. 34,78 EUR v klasi\u010dni trgovini, pri nas pa le 27,82 EUR. Ta plo\u0161\u010dica je na voljo v \u010dudoviti sivi barvi, \u010de \u017eelite kak\u0161no drugo barvo pa nas kontaktirajte in preverili bomo pri proizvajalcu. Debelina kar 9 mm dela to plo\u0161\u010dico zelo trpe\u017eno in presti\u017eno na otip.<\/p>\n<p>Kliknite na ime kolekcije za ogled vseh plo\u0161\u010dic iz te serije: <a class=\"pdfcatal\" href=\"\/\/www.ceramictiles.com\/pdf\/pamesa\/catalogue_pamesa_termal.pdf\" onclick=\"recordOutboundLink(this, 'E-mail', 'Description PDF');return false;\">Pamesa Ceramica Termal<\/a><\/p>\n<p>\u010ce \u017eelite naro\u010diti model iz pdf kataloga te kolekcije, nam pi\u0161ite na: <a href=\"mailto:keramoteka.salon@gmail.com\" onclick=\"recordOutboundLink(this, 'E-mail', 'Description mail');return false;\">keramoteka.salon@gmail.com<\/a> ali pa nas pokli\u010dite na: +386 31 255 900.<\/p>\n<p>Technical description: 31,6&#215;60<\/p>\n","protected":false},"excerpt":{"rendered":"<p>Velikost te plo\u0161\u010dice je 30&#215;60 cm. To plo\u0161\u010dico je izdelal proizvajalec Pamesa Ceramica, ki prihaja iz \u0160panije. 34,78 EUR v klasi\u010dni trgovini, pri nas pa le 27,82 EUR. Ta plo\u0161\u010dica je na voljo v \u010dudoviti sivi barvi, \u010de \u017eelite kak\u0161no drugo barvo pa nas kontaktirajte in preverili bomo pri proizvajalcu. Debelina kar 9 mm dela [&hellip;]<\/p>\n","protected":false},"featured_media":107348,"template":"","meta":[],"product_cat":[200,999107,999],"product_tag":[],"_links":{"self":[{"href":"https:\/\/www.keramika.com\/slovenija\/wp-json\/wp\/v2\/product\/107347"}],"collection":[{"href":"https:\/\/www.keramika.com\/slovenija\/wp-json\/wp\/v2\/product"}],"about":[{"href":"https:\/\/www.keramika.com\/slovenija\/wp-json\/wp\/v2\/types\/product"}],"wp:featuredmedia":[{"embeddable":true,"href":"https:\/\/www.keramika.com\/slovenija\/wp-json\/wp\/v2\/media\/107348"}],"wp:attachment":[{"href":"https:\/\/www.keramika.com\/slovenija\/wp-json\/wp\/v2\/media?parent=107347"}],"wp:term":[{"taxonomy":"product_cat","embeddable":true,"href":"https:\/\/www.keramika.com\/slovenija\/wp-json\/wp\/v2\/product_cat?post=107347"},{"taxonomy":"product_tag","embeddable":true,"href":"https:\/\/www.keramika.com\/slovenija\/wp-json\/wp\/v2\/product_tag?post=107347"}],"curies":[{"name":"wp","href":"https:\/\/api.w.org\/{rel}","templated":true}]}}