{"id":107299,"date":"2017-03-23T02:26:29","date_gmt":"2017-03-23T02:26:29","guid":{"rendered":"http:\/\/keramika.holest.com\/slovenija\/product\/pamesa-klim-rv-3d-mix\/"},"modified":"2026-01-05T00:00:51","modified_gmt":"2026-01-05T00:00:51","slug":"pamesa-klim-rv-3d-mix","status":"publish","type":"product","link":"https:\/\/www.keramika.com\/slovenija\/pamesa-klim-rv-3d-mix\/","title":{"rendered":"Pamesa Klim Rv 3D Mix"},"content":{"rendered":"<p>Velikost te plo\u0161\u010dice je 31,6&#215;45 cm in je primerna za razli\u010dne povr\u0161ine. Debelina kar 9 mm dela to plo\u0161\u010dico zelo trpe\u017eno in presti\u017eno na otip. Zaradi ni\u017ejih stro\u0161kov pri spletni prodaji boste na na\u0161i strani za to plo\u0161\u010dico od\u0161teli le 30,2 EUR. Zelo moderna plo\u0161\u010dica v sivi barvi popestri prav vsak prostor. To plo\u0161\u010dico je izdelal proizvajalec Pamesa Ceramica, ki prihaja iz \u0160panije.<\/p>\n<p>Kliknite na ime kolekcije za ogled vseh plo\u0161\u010dic iz te serije: <a class=\"pdfcatal\" href=\"\/\/www.ceramictiles.com\/pdf\/pamesa\/catalogue_pamesa_klim_rlv_3d.pdf\" onclick=\"recordOutboundLink(this, 'E-mail', 'Description PDF');return false;\">Pamesa Ceramica Klim Rlv 3D<\/a><\/p>\n<p>\u010ce \u017eelite naro\u010diti model iz pdf kataloga te kolekcije, nam pi\u0161ite na: <a href=\"mailto:keramoteka.salon@gmail.com\" onclick=\"recordOutboundLink(this, 'E-mail', 'Description mail');return false;\">keramoteka.salon@gmail.com<\/a> ali pa nas pokli\u010dite na: +386 31 255 900.<\/p>\n<p>Technical description: 31,6&#215;45,2<\/p>\n","protected":false},"excerpt":{"rendered":"<p>Velikost te plo\u0161\u010dice je 31,6&#215;45 cm in je primerna za razli\u010dne povr\u0161ine. Debelina kar 9 mm dela to plo\u0161\u010dico zelo trpe\u017eno in presti\u017eno na otip. Zaradi ni\u017ejih stro\u0161kov pri spletni prodaji boste na na\u0161i strani za to plo\u0161\u010dico od\u0161teli le 30,2 EUR. Zelo moderna plo\u0161\u010dica v sivi barvi popestri prav vsak prostor. To plo\u0161\u010dico je [&hellip;]<\/p>\n","protected":false},"featured_media":107300,"template":"","meta":[],"product_cat":[200,999107,999],"product_tag":[99921971],"_links":{"self":[{"href":"https:\/\/www.keramika.com\/slovenija\/wp-json\/wp\/v2\/product\/107299"}],"collection":[{"href":"https:\/\/www.keramika.com\/slovenija\/wp-json\/wp\/v2\/product"}],"about":[{"href":"https:\/\/www.keramika.com\/slovenija\/wp-json\/wp\/v2\/types\/product"}],"wp:featuredmedia":[{"embeddable":true,"href":"https:\/\/www.keramika.com\/slovenija\/wp-json\/wp\/v2\/media\/107300"}],"wp:attachment":[{"href":"https:\/\/www.keramika.com\/slovenija\/wp-json\/wp\/v2\/media?parent=107299"}],"wp:term":[{"taxonomy":"product_cat","embeddable":true,"href":"https:\/\/www.keramika.com\/slovenija\/wp-json\/wp\/v2\/product_cat?post=107299"},{"taxonomy":"product_tag","embeddable":true,"href":"https:\/\/www.keramika.com\/slovenija\/wp-json\/wp\/v2\/product_tag?post=107299"}],"curies":[{"name":"wp","href":"https:\/\/api.w.org\/{rel}","templated":true}]}}