{"id":107273,"date":"2017-03-23T02:24:56","date_gmt":"2017-03-23T02:24:56","guid":{"rendered":"http:\/\/keramika.holest.com\/slovenija\/product\/pamesa-charme-blanco\/"},"modified":"2026-01-05T00:00:48","modified_gmt":"2026-01-05T00:00:48","slug":"pamesa-charme-blanco","status":"publish","type":"product","link":"https:\/\/www.keramika.com\/slovenija\/pamesa-charme-blanco\/","title":{"rendered":"Pamesa Charme Blanco"},"content":{"rendered":"<p>Plo\u0161\u010dica je debela kar 9 mm, kar jo uvr\u0161\u010da med bolj trde plo\u0161\u010dice. Velikost te plo\u0161\u010dice je 21,8&#215;89,3 cm. Letos so plo\u0161\u010dice v beli barvi zelo za\u017eeljene. Pamesa Charme Blanco je na voljo po zelo ugodni ceni 31,42 EUR. Pamesa Charme Blanco je plo\u0161\u010dica proizvajalca Pamesa Ceramica in prihaja iz \u0160panije.<\/p>\n<p>Kliknite na ime kolekcije za ogled vseh plo\u0161\u010dic iz te serije: <a class=\"pdfcatal\" href=\"\/\/www.ceramictiles.com\/pdf\/pamesa\/catalogue_pamesa_charme.pdf\" onclick=\"recordOutboundLink(this, 'E-mail', 'Description PDF');return false;\">Pamesa Ceramica Charme<\/a><\/p>\n<p>\u010ce \u017eelite naro\u010diti model iz pdf kataloga te kolekcije, nam pi\u0161ite na: <a href=\"mailto:keramoteka.salon@gmail.com\" onclick=\"recordOutboundLink(this, 'E-mail', 'Description mail');return false;\">keramoteka.salon@gmail.com<\/a> ali pa nas pokli\u010dite na: +386 31 255 900.<\/p>\n<p>Technical description: 22&#215;85<\/p>\n","protected":false},"excerpt":{"rendered":"<p>Plo\u0161\u010dica je debela kar 9 mm, kar jo uvr\u0161\u010da med bolj trde plo\u0161\u010dice. Velikost te plo\u0161\u010dice je 21,8&#215;89,3 cm. Letos so plo\u0161\u010dice v beli barvi zelo za\u017eeljene. Pamesa Charme Blanco je na voljo po zelo ugodni ceni 31,42 EUR. Pamesa Charme Blanco je plo\u0161\u010dica proizvajalca Pamesa Ceramica in prihaja iz \u0160panije. Kliknite na ime kolekcije [&hellip;]<\/p>\n","protected":false},"featured_media":107274,"template":"","meta":[],"product_cat":[200,999107,999],"product_tag":[],"_links":{"self":[{"href":"https:\/\/www.keramika.com\/slovenija\/wp-json\/wp\/v2\/product\/107273"}],"collection":[{"href":"https:\/\/www.keramika.com\/slovenija\/wp-json\/wp\/v2\/product"}],"about":[{"href":"https:\/\/www.keramika.com\/slovenija\/wp-json\/wp\/v2\/types\/product"}],"wp:featuredmedia":[{"embeddable":true,"href":"https:\/\/www.keramika.com\/slovenija\/wp-json\/wp\/v2\/media\/107274"}],"wp:attachment":[{"href":"https:\/\/www.keramika.com\/slovenija\/wp-json\/wp\/v2\/media?parent=107273"}],"wp:term":[{"taxonomy":"product_cat","embeddable":true,"href":"https:\/\/www.keramika.com\/slovenija\/wp-json\/wp\/v2\/product_cat?post=107273"},{"taxonomy":"product_tag","embeddable":true,"href":"https:\/\/www.keramika.com\/slovenija\/wp-json\/wp\/v2\/product_tag?post=107273"}],"curies":[{"name":"wp","href":"https:\/\/api.w.org\/{rel}","templated":true}]}}