{"id":107271,"date":"2017-03-23T02:24:49","date_gmt":"2017-03-23T02:24:49","guid":{"rendered":"http:\/\/keramika.holest.com\/slovenija\/product\/pamesa-orion-blanco-brillo\/"},"modified":"2026-01-05T00:00:48","modified_gmt":"2026-01-05T00:00:48","slug":"pamesa-orion-blanco-brillo","status":"publish","type":"product","link":"https:\/\/www.keramika.com\/slovenija\/pamesa-orion-blanco-brillo\/","title":{"rendered":"Pamesa Orion Blanco Brillo"},"content":{"rendered":"<p>9 mm debeline je dovolj tudi za zahtevnej\u0161e kupce. Velikost te plo\u0161\u010dice je 30&#215;60 cm in je primerna za razli\u010dne povr\u0161ine. Pamesa Orion Blanco Brillo je na voljo po zelo ugodni ceni 32,58 EUR. Pamesa Orion Blanco Brillo je plo\u0161\u010dica proizvajalca Pamesa Ceramica in prihaja iz \u0160panije. Zelo moderna plo\u0161\u010dica v beli barvi popestri prav vsak prostor.<\/p>\n<p>Kliknite na ime kolekcije za ogled vseh plo\u0161\u010dic iz te serije: <a class=\"pdfcatal\" href=\"\/\/www.ceramictiles.com\/pdf\/pamesa\/catalogue_pamesa_orion.pdf\" onclick=\"recordOutboundLink(this, 'E-mail', 'Description PDF');return false;\">Pamesa Ceramica Orion<\/a><\/p>\n<p>\u010ce \u017eelite naro\u010diti model iz pdf kataloga te kolekcije, nam pi\u0161ite na: <a href=\"mailto:keramoteka.salon@gmail.com\" onclick=\"recordOutboundLink(this, 'E-mail', 'Description mail');return false;\">keramoteka.salon@gmail.com<\/a> ali pa nas pokli\u010dite na: +386 31 255 900.<\/p>\n<p>Technical description: 30,3&#215;61,3<\/p>\n","protected":false},"excerpt":{"rendered":"<p>9 mm debeline je dovolj tudi za zahtevnej\u0161e kupce. Velikost te plo\u0161\u010dice je 30&#215;60 cm in je primerna za razli\u010dne povr\u0161ine. Pamesa Orion Blanco Brillo je na voljo po zelo ugodni ceni 32,58 EUR. Pamesa Orion Blanco Brillo je plo\u0161\u010dica proizvajalca Pamesa Ceramica in prihaja iz \u0160panije. Zelo moderna plo\u0161\u010dica v beli barvi popestri prav [&hellip;]<\/p>\n","protected":false},"featured_media":107272,"template":"","meta":[],"product_cat":[200,999107,999],"product_tag":[],"_links":{"self":[{"href":"https:\/\/www.keramika.com\/slovenija\/wp-json\/wp\/v2\/product\/107271"}],"collection":[{"href":"https:\/\/www.keramika.com\/slovenija\/wp-json\/wp\/v2\/product"}],"about":[{"href":"https:\/\/www.keramika.com\/slovenija\/wp-json\/wp\/v2\/types\/product"}],"wp:featuredmedia":[{"embeddable":true,"href":"https:\/\/www.keramika.com\/slovenija\/wp-json\/wp\/v2\/media\/107272"}],"wp:attachment":[{"href":"https:\/\/www.keramika.com\/slovenija\/wp-json\/wp\/v2\/media?parent=107271"}],"wp:term":[{"taxonomy":"product_cat","embeddable":true,"href":"https:\/\/www.keramika.com\/slovenija\/wp-json\/wp\/v2\/product_cat?post=107271"},{"taxonomy":"product_tag","embeddable":true,"href":"https:\/\/www.keramika.com\/slovenija\/wp-json\/wp\/v2\/product_tag?post=107271"}],"curies":[{"name":"wp","href":"https:\/\/api.w.org\/{rel}","templated":true}]}}