{"id":107265,"date":"2017-03-23T02:24:28","date_gmt":"2017-03-23T02:24:28","guid":{"rendered":"http:\/\/keramika.holest.com\/slovenija\/product\/pamesa-ur-marengo\/"},"modified":"2026-01-05T00:00:47","modified_gmt":"2026-01-05T00:00:47","slug":"pamesa-ur-marengo","status":"publish","type":"product","link":"https:\/\/www.keramika.com\/slovenija\/pamesa-ur-marengo\/","title":{"rendered":"Pamesa Ur Marengo"},"content":{"rendered":"<p>Keramika v beli barvi popestri vsak prostor. Z 25&#215;50 cm je ta plo\u0161\u010dica primerna za razli\u010dne podlage. V redni prodaji bi morali za to plo\u0161\u010dico od\u0161teti 45,22 EUR, spletna cena pa zna\u0161a le 36,18 EUR. Prihaja iz \u0160panije, ki po svetu slovi kot ena bolj\u0161ih proizvajalk kerami\u010dnih plo\u0161\u010dic. Plo\u0161\u010dica je debela kar 9 mm, kar jo uvr\u0161\u010da med bolj trde plo\u0161\u010dice.<\/p>\n<p>Kliknite na ime kolekcije za ogled vseh plo\u0161\u010dic iz te serije: <a class=\"pdfcatal\" href=\"\/\/www.ceramictiles.com\/pdf\/pamesa\/catalogue_pamesa_ur.pdf\" onclick=\"recordOutboundLink(this, 'E-mail', 'Description PDF');return false;\">Pamesa Ceramica Ur<\/a><\/p>\n<p>\u010ce \u017eelite naro\u010diti model iz pdf kataloga te kolekcije, nam pi\u0161ite na: <a href=\"mailto:keramoteka.salon@gmail.com\" onclick=\"recordOutboundLink(this, 'E-mail', 'Description mail');return false;\">keramoteka.salon@gmail.com<\/a> ali pa nas pokli\u010dite na: +386 31 255 900.<\/p>\n","protected":false},"excerpt":{"rendered":"<p>Keramika v beli barvi popestri vsak prostor. Z 25&#215;50 cm je ta plo\u0161\u010dica primerna za razli\u010dne podlage. V redni prodaji bi morali za to plo\u0161\u010dico od\u0161teti 45,22 EUR, spletna cena pa zna\u0161a le 36,18 EUR. Prihaja iz \u0160panije, ki po svetu slovi kot ena bolj\u0161ih proizvajalk kerami\u010dnih plo\u0161\u010dic. Plo\u0161\u010dica je debela kar 9 mm, kar [&hellip;]<\/p>\n","protected":false},"featured_media":107266,"template":"","meta":[],"product_cat":[200,999107,999],"product_tag":[],"_links":{"self":[{"href":"https:\/\/www.keramika.com\/slovenija\/wp-json\/wp\/v2\/product\/107265"}],"collection":[{"href":"https:\/\/www.keramika.com\/slovenija\/wp-json\/wp\/v2\/product"}],"about":[{"href":"https:\/\/www.keramika.com\/slovenija\/wp-json\/wp\/v2\/types\/product"}],"wp:featuredmedia":[{"embeddable":true,"href":"https:\/\/www.keramika.com\/slovenija\/wp-json\/wp\/v2\/media\/107266"}],"wp:attachment":[{"href":"https:\/\/www.keramika.com\/slovenija\/wp-json\/wp\/v2\/media?parent=107265"}],"wp:term":[{"taxonomy":"product_cat","embeddable":true,"href":"https:\/\/www.keramika.com\/slovenija\/wp-json\/wp\/v2\/product_cat?post=107265"},{"taxonomy":"product_tag","embeddable":true,"href":"https:\/\/www.keramika.com\/slovenija\/wp-json\/wp\/v2\/product_tag?post=107265"}],"curies":[{"name":"wp","href":"https:\/\/api.w.org\/{rel}","templated":true}]}}