{"id":107253,"date":"2017-03-23T02:23:40","date_gmt":"2017-03-23T02:23:40","guid":{"rendered":"http:\/\/keramika.holest.com\/slovenija\/product\/pamesa-nasira-dec-blanco\/"},"modified":"2026-01-05T00:00:45","modified_gmt":"2026-01-05T00:00:45","slug":"pamesa-nasira-dec-blanco","status":"publish","type":"product","link":"https:\/\/www.keramika.com\/slovenija\/pamesa-nasira-dec-blanco\/","title":{"rendered":"Pamesa Nasira Dec Blanco"},"content":{"rendered":"<p>Dimenzije te plo\u0161\u010dice so 21,8&#215;89,3 cm. 9 mm je debelina, ki zadovolji tudi zahtevnej\u0161e kupce. Pamesa Nasira Dec Blanco prihaja iz \u0160panije, ki je znana po zelo kvalitetni keramiki v svetovnem merilu. Ta model plo\u0161\u010dice se najbolje prodaja v beli barvi. Pamesa Nasira Dec Blanco je na voljo po zelo ugodni ceni 36,18 EUR.<\/p>\n<p>Kliknite na ime kolekcije za ogled vseh plo\u0161\u010dic iz te serije: <a class=\"pdfcatal\" href=\"\/\/www.ceramictiles.com\/pdf\/pamesa\/catalogue_pamesa_nasira_dec.pdf\" onclick=\"recordOutboundLink(this, 'E-mail', 'Description PDF');return false;\">Pamesa Ceramica Nasira Dec<\/a><\/p>\n<p>\u010ce \u017eelite naro\u010diti model iz pdf kataloga te kolekcije, nam pi\u0161ite na: <a href=\"mailto:keramoteka.salon@gmail.com\" onclick=\"recordOutboundLink(this, 'E-mail', 'Description mail');return false;\">keramoteka.salon@gmail.com<\/a> ali pa nas pokli\u010dite na: +386 31 255 900.<\/p>\n<p>Technical description: 22&#215;85<\/p>\n","protected":false},"excerpt":{"rendered":"<p>Dimenzije te plo\u0161\u010dice so 21,8&#215;89,3 cm. 9 mm je debelina, ki zadovolji tudi zahtevnej\u0161e kupce. Pamesa Nasira Dec Blanco prihaja iz \u0160panije, ki je znana po zelo kvalitetni keramiki v svetovnem merilu. Ta model plo\u0161\u010dice se najbolje prodaja v beli barvi. Pamesa Nasira Dec Blanco je na voljo po zelo ugodni ceni 36,18 EUR. Kliknite [&hellip;]<\/p>\n","protected":false},"featured_media":107254,"template":"","meta":[],"product_cat":[200,999107,999],"product_tag":[],"_links":{"self":[{"href":"https:\/\/www.keramika.com\/slovenija\/wp-json\/wp\/v2\/product\/107253"}],"collection":[{"href":"https:\/\/www.keramika.com\/slovenija\/wp-json\/wp\/v2\/product"}],"about":[{"href":"https:\/\/www.keramika.com\/slovenija\/wp-json\/wp\/v2\/types\/product"}],"wp:featuredmedia":[{"embeddable":true,"href":"https:\/\/www.keramika.com\/slovenija\/wp-json\/wp\/v2\/media\/107254"}],"wp:attachment":[{"href":"https:\/\/www.keramika.com\/slovenija\/wp-json\/wp\/v2\/media?parent=107253"}],"wp:term":[{"taxonomy":"product_cat","embeddable":true,"href":"https:\/\/www.keramika.com\/slovenija\/wp-json\/wp\/v2\/product_cat?post=107253"},{"taxonomy":"product_tag","embeddable":true,"href":"https:\/\/www.keramika.com\/slovenija\/wp-json\/wp\/v2\/product_tag?post=107253"}],"curies":[{"name":"wp","href":"https:\/\/api.w.org\/{rel}","templated":true}]}}