{"id":107233,"date":"2017-03-23T02:22:28","date_gmt":"2017-03-23T02:22:28","guid":{"rendered":"http:\/\/keramika.holest.com\/slovenija\/product\/pamesa-marmi-cuadro-marfil\/"},"modified":"2026-01-05T00:00:42","modified_gmt":"2026-01-05T00:00:42","slug":"pamesa-marmi-cuadro-marfil","status":"publish","type":"product","link":"https:\/\/www.keramika.com\/slovenija\/pamesa-marmi-cuadro-marfil\/","title":{"rendered":"Pamesa Marmi Cuadro Marfil"},"content":{"rendered":"<p>Ta model plo\u0161\u010dice se najbolje prodaja v be\u017e barvi. Dimenzije te plo\u0161\u010dice so 25&#215;50 cm. Ta plo\u0161\u010dica prihaja iz \u0160panije, ki je znana po kvalitetni keramiki. V redni prodaji bi morali za to plo\u0161\u010dico od\u0161teti 48,2 EUR, spletna cena pa zna\u0161a le 38,56 EUR. Debelina plo\u0161\u010dice je zelo pomembna in 9 mm uvr\u0161\u010da to plo\u0161\u010dico med najkvalitetnej\u0161e.<\/p>\n<p>Kliknite na ime kolekcije za ogled vseh plo\u0161\u010dic iz te serije: <a class=\"pdfcatal\" href=\"\/\/www.ceramictiles.com\/pdf\/pamesa\/catalogue_pamesa_marmi_cuadro.pdf\" onclick=\"recordOutboundLink(this, 'E-mail', 'Description PDF');return false;\">Pamesa Ceramica Marmi Cuadro<\/a><\/p>\n<p>\u010ce \u017eelite naro\u010diti model iz pdf kataloga te kolekcije, nam pi\u0161ite na: <a href=\"mailto:keramoteka.salon@gmail.com\" onclick=\"recordOutboundLink(this, 'E-mail', 'Description mail');return false;\">keramoteka.salon@gmail.com<\/a> ali pa nas pokli\u010dite na: +386 31 255 900.<\/p>\n","protected":false},"excerpt":{"rendered":"<p>Ta model plo\u0161\u010dice se najbolje prodaja v be\u017e barvi. Dimenzije te plo\u0161\u010dice so 25&#215;50 cm. Ta plo\u0161\u010dica prihaja iz \u0160panije, ki je znana po kvalitetni keramiki. V redni prodaji bi morali za to plo\u0161\u010dico od\u0161teti 48,2 EUR, spletna cena pa zna\u0161a le 38,56 EUR. Debelina plo\u0161\u010dice je zelo pomembna in 9 mm uvr\u0161\u010da to plo\u0161\u010dico [&hellip;]<\/p>\n","protected":false},"featured_media":107234,"template":"","meta":[],"product_cat":[200,999107,999],"product_tag":[],"_links":{"self":[{"href":"https:\/\/www.keramika.com\/slovenija\/wp-json\/wp\/v2\/product\/107233"}],"collection":[{"href":"https:\/\/www.keramika.com\/slovenija\/wp-json\/wp\/v2\/product"}],"about":[{"href":"https:\/\/www.keramika.com\/slovenija\/wp-json\/wp\/v2\/types\/product"}],"wp:featuredmedia":[{"embeddable":true,"href":"https:\/\/www.keramika.com\/slovenija\/wp-json\/wp\/v2\/media\/107234"}],"wp:attachment":[{"href":"https:\/\/www.keramika.com\/slovenija\/wp-json\/wp\/v2\/media?parent=107233"}],"wp:term":[{"taxonomy":"product_cat","embeddable":true,"href":"https:\/\/www.keramika.com\/slovenija\/wp-json\/wp\/v2\/product_cat?post=107233"},{"taxonomy":"product_tag","embeddable":true,"href":"https:\/\/www.keramika.com\/slovenija\/wp-json\/wp\/v2\/product_tag?post=107233"}],"curies":[{"name":"wp","href":"https:\/\/api.w.org\/{rel}","templated":true}]}}