{"id":107231,"date":"2017-03-23T02:22:22","date_gmt":"2017-03-23T02:22:22","guid":{"rendered":"http:\/\/keramika.holest.com\/slovenija\/product\/pamesa-ioop-azul\/"},"modified":"2026-01-05T00:00:41","modified_gmt":"2026-01-05T00:00:41","slug":"pamesa-ioop-azul","status":"publish","type":"product","link":"https:\/\/www.keramika.com\/slovenija\/pamesa-ioop-azul\/","title":{"rendered":"Pamesa Ioop Azul"},"content":{"rendered":"<p>Z 25&#215;50 cm je ta plo\u0161\u010dica primerna za razli\u010dne podlage. V redni prodaji bi morali za to plo\u0161\u010dico od\u0161teti 48,2 EUR, spletna cena pa zna\u0161a le 38,56 EUR. To plo\u0161\u010dico je izdelal proizvajalec Pamesa Ceramica, ki prihaja iz \u0160panije. Zelo moderna plo\u0161\u010dica v modri barvi popestri prav vsak prostor. 9 mm je debelina, ki zadovolji tudi zahtevnej\u0161e kupce.<\/p>\n<p>Kliknite na ime kolekcije za ogled vseh plo\u0161\u010dic iz te serije: <a class=\"pdfcatal\" href=\"\/\/www.ceramictiles.com\/pdf\/pamesa\/catalogue_pamesa_ioop.pdf\" onclick=\"recordOutboundLink(this, 'E-mail', 'Description PDF');return false;\">Pamesa Ceramica Ioop<\/a><\/p>\n<p>\u010ce \u017eelite naro\u010diti model iz pdf kataloga te kolekcije, nam pi\u0161ite na: <a href=\"mailto:keramoteka.salon@gmail.com\" onclick=\"recordOutboundLink(this, 'E-mail', 'Description mail');return false;\">keramoteka.salon@gmail.com<\/a> ali pa nas pokli\u010dite na: +386 31 255 900.<\/p>\n","protected":false},"excerpt":{"rendered":"<p>Z 25&#215;50 cm je ta plo\u0161\u010dica primerna za razli\u010dne podlage. V redni prodaji bi morali za to plo\u0161\u010dico od\u0161teti 48,2 EUR, spletna cena pa zna\u0161a le 38,56 EUR. To plo\u0161\u010dico je izdelal proizvajalec Pamesa Ceramica, ki prihaja iz \u0160panije. Zelo moderna plo\u0161\u010dica v modri barvi popestri prav vsak prostor. 9 mm je debelina, ki zadovolji [&hellip;]<\/p>\n","protected":false},"featured_media":107232,"template":"","meta":[],"product_cat":[200,999107,999],"product_tag":[],"_links":{"self":[{"href":"https:\/\/www.keramika.com\/slovenija\/wp-json\/wp\/v2\/product\/107231"}],"collection":[{"href":"https:\/\/www.keramika.com\/slovenija\/wp-json\/wp\/v2\/product"}],"about":[{"href":"https:\/\/www.keramika.com\/slovenija\/wp-json\/wp\/v2\/types\/product"}],"wp:featuredmedia":[{"embeddable":true,"href":"https:\/\/www.keramika.com\/slovenija\/wp-json\/wp\/v2\/media\/107232"}],"wp:attachment":[{"href":"https:\/\/www.keramika.com\/slovenija\/wp-json\/wp\/v2\/media?parent=107231"}],"wp:term":[{"taxonomy":"product_cat","embeddable":true,"href":"https:\/\/www.keramika.com\/slovenija\/wp-json\/wp\/v2\/product_cat?post=107231"},{"taxonomy":"product_tag","embeddable":true,"href":"https:\/\/www.keramika.com\/slovenija\/wp-json\/wp\/v2\/product_tag?post=107231"}],"curies":[{"name":"wp","href":"https:\/\/api.w.org\/{rel}","templated":true}]}}