{"id":107225,"date":"2017-03-23T02:22:01","date_gmt":"2017-03-23T02:22:01","guid":{"rendered":"http:\/\/keramika.holest.com\/slovenija\/product\/pamesa-tripoli-mate-blanco\/"},"modified":"2026-01-05T00:00:41","modified_gmt":"2026-01-05T00:00:41","slug":"pamesa-tripoli-mate-blanco","status":"publish","type":"product","link":"https:\/\/www.keramika.com\/slovenija\/pamesa-tripoli-mate-blanco\/","title":{"rendered":"Pamesa Tripoli Mate Blanco"},"content":{"rendered":"<p>Pamesa Tripoli Mate Blanco je plo\u0161\u010dica proizvajalca Pamesa Ceramica in prihaja iz \u0160panije. Redna cena te plo\u0161\u010dice v maloprodaji zna\u0161a 51,18 EUR, v na\u0161i spletni trgovini pa jo lahko dobite \u017ee za 40,94 EUR. Z 25&#215;75 cm je ta plo\u0161\u010dica primerna za razli\u010dne podlage. 9 mm je debelina, ki zadovolji tudi zahtevnej\u0161e kupce. Zelo moderna plo\u0161\u010dica v beli barvi popestri prav vsak prostor.<\/p>\n<p>Kliknite na ime kolekcije za ogled vseh plo\u0161\u010dic iz te serije: <a class=\"pdfcatal\" href=\"\/\/www.ceramictiles.com\/pdf\/pamesa\/catalogue_pamesa_tripoli_mate.pdf\" onclick=\"recordOutboundLink(this, 'E-mail', 'Description PDF');return false;\">Pamesa Ceramica Tripoli Mate<\/a><\/p>\n<p>\u010ce \u017eelite naro\u010diti model iz pdf kataloga te kolekcije, nam pi\u0161ite na: <a href=\"mailto:keramoteka.salon@gmail.com\" onclick=\"recordOutboundLink(this, 'E-mail', 'Description mail');return false;\">keramoteka.salon@gmail.com<\/a> ali pa nas pokli\u010dite na: +386 31 255 900.<\/p>\n","protected":false},"excerpt":{"rendered":"<p>Pamesa Tripoli Mate Blanco je plo\u0161\u010dica proizvajalca Pamesa Ceramica in prihaja iz \u0160panije. Redna cena te plo\u0161\u010dice v maloprodaji zna\u0161a 51,18 EUR, v na\u0161i spletni trgovini pa jo lahko dobite \u017ee za 40,94 EUR. Z 25&#215;75 cm je ta plo\u0161\u010dica primerna za razli\u010dne podlage. 9 mm je debelina, ki zadovolji tudi zahtevnej\u0161e kupce. Zelo moderna [&hellip;]<\/p>\n","protected":false},"featured_media":107226,"template":"","meta":[],"product_cat":[200,999107,999],"product_tag":[],"_links":{"self":[{"href":"https:\/\/www.keramika.com\/slovenija\/wp-json\/wp\/v2\/product\/107225"}],"collection":[{"href":"https:\/\/www.keramika.com\/slovenija\/wp-json\/wp\/v2\/product"}],"about":[{"href":"https:\/\/www.keramika.com\/slovenija\/wp-json\/wp\/v2\/types\/product"}],"wp:featuredmedia":[{"embeddable":true,"href":"https:\/\/www.keramika.com\/slovenija\/wp-json\/wp\/v2\/media\/107226"}],"wp:attachment":[{"href":"https:\/\/www.keramika.com\/slovenija\/wp-json\/wp\/v2\/media?parent=107225"}],"wp:term":[{"taxonomy":"product_cat","embeddable":true,"href":"https:\/\/www.keramika.com\/slovenija\/wp-json\/wp\/v2\/product_cat?post=107225"},{"taxonomy":"product_tag","embeddable":true,"href":"https:\/\/www.keramika.com\/slovenija\/wp-json\/wp\/v2\/product_tag?post=107225"}],"curies":[{"name":"wp","href":"https:\/\/api.w.org\/{rel}","templated":true}]}}