{"id":107215,"date":"2017-03-23T02:21:24","date_gmt":"2017-03-23T02:21:24","guid":{"rendered":"http:\/\/keramika.holest.com\/slovenija\/product\/pamesa-gante-perla\/"},"modified":"2026-01-04T00:04:23","modified_gmt":"2026-01-04T00:04:23","slug":"pamesa-gante-perla","status":"publish","type":"product","link":"https:\/\/www.keramika.com\/slovenija\/pamesa-gante-perla\/","title":{"rendered":"Pamesa Gante Perla"},"content":{"rendered":"<p>Plo\u0161\u010dica na sliki je velika 45&#215;45 cm. Debelina plo\u0161\u010dice je zelo pomembna in 9 mm uvr\u0161\u010da to plo\u0161\u010dico med najkvalitetnej\u0161e. Pamesa Gante Perla je plo\u0161\u010dica proizvajalca Pamesa Ceramica in prihaja iz \u0160panije. Redna cena te plo\u0161\u010dice v maloprodaji zna\u0161a 51,18 EUR, v na\u0161i spletni trgovini pa jo lahko dobite \u017ee za 40,94 EUR. Ta plo\u0161\u010dica je na voljo v \u010dudoviti sivi barvi, \u010de \u017eelite kak\u0161no drugo barvo pa nas kontaktirajte in preverili bomo pri proizvajalcu.<\/p>\n<p>Kliknite na ime kolekcije za ogled vseh plo\u0161\u010dic iz te serije: <a class=\"pdfcatal\" href=\"\/\/www.ceramictiles.com\/pdf\/pamesa\/catalogue_pamesa_gante.pdf\" onclick=\"recordOutboundLink(this, 'E-mail', 'Description PDF');return false;\">Pamesa Ceramica Gante<\/a><\/p>\n<p>\u010ce \u017eelite naro\u010diti model iz pdf kataloga te kolekcije, nam pi\u0161ite na: <a href=\"mailto:keramoteka.salon@gmail.com\" onclick=\"recordOutboundLink(this, 'E-mail', 'Description mail');return false;\">keramoteka.salon@gmail.com<\/a> ali pa nas pokli\u010dite na: +386 31 255 900.<\/p>\n","protected":false},"excerpt":{"rendered":"<p>Plo\u0161\u010dica na sliki je velika 45&#215;45 cm. Debelina plo\u0161\u010dice je zelo pomembna in 9 mm uvr\u0161\u010da to plo\u0161\u010dico med najkvalitetnej\u0161e. Pamesa Gante Perla je plo\u0161\u010dica proizvajalca Pamesa Ceramica in prihaja iz \u0160panije. Redna cena te plo\u0161\u010dice v maloprodaji zna\u0161a 51,18 EUR, v na\u0161i spletni trgovini pa jo lahko dobite \u017ee za 40,94 EUR. Ta plo\u0161\u010dica [&hellip;]<\/p>\n","protected":false},"featured_media":107216,"template":"","meta":[],"product_cat":[200,999107,999],"product_tag":[],"_links":{"self":[{"href":"https:\/\/www.keramika.com\/slovenija\/wp-json\/wp\/v2\/product\/107215"}],"collection":[{"href":"https:\/\/www.keramika.com\/slovenija\/wp-json\/wp\/v2\/product"}],"about":[{"href":"https:\/\/www.keramika.com\/slovenija\/wp-json\/wp\/v2\/types\/product"}],"wp:featuredmedia":[{"embeddable":true,"href":"https:\/\/www.keramika.com\/slovenija\/wp-json\/wp\/v2\/media\/107216"}],"wp:attachment":[{"href":"https:\/\/www.keramika.com\/slovenija\/wp-json\/wp\/v2\/media?parent=107215"}],"wp:term":[{"taxonomy":"product_cat","embeddable":true,"href":"https:\/\/www.keramika.com\/slovenija\/wp-json\/wp\/v2\/product_cat?post=107215"},{"taxonomy":"product_tag","embeddable":true,"href":"https:\/\/www.keramika.com\/slovenija\/wp-json\/wp\/v2\/product_tag?post=107215"}],"curies":[{"name":"wp","href":"https:\/\/api.w.org\/{rel}","templated":true}]}}