{"id":107175,"date":"2017-03-23T02:19:05","date_gmt":"2017-03-23T02:19:05","guid":{"rendered":"http:\/\/keramika.holest.com\/slovenija\/product\/pamesa-davos-beige\/"},"modified":"2026-01-04T00:04:20","modified_gmt":"2026-01-04T00:04:20","slug":"pamesa-davos-beige","status":"publish","type":"product","link":"https:\/\/www.keramika.com\/slovenija\/pamesa-davos-beige\/","title":{"rendered":"Pamesa Davos Beige"},"content":{"rendered":"<p>\u0160irina in dol\u017eina te plo\u0161\u010dice sta 30&#215;60 cm. Pamesa Davos Beige je na voljo po zelo ugodni ceni 42,14 EUR. Plo\u0161\u010dica je debela kar 9 mm, kar jo uvr\u0161\u010da med bolj trde plo\u0161\u010dice. Ta kerami\u010dna plo\u0161\u010dica v \u010dudoviti be\u017e barvi bo obogatila vsak prostor. Pamesa Davos Beige je pripeljana iz \u0160panije in je zelo kvalitetna.<\/p>\n<p>Kliknite na ime kolekcije za ogled vseh plo\u0161\u010dic iz te serije: <a class=\"pdfcatal\" href=\"\/\/www.ceramictiles.com\/pdf\/pamesa\/catalogue_pamesa_davos.pdf\" onclick=\"recordOutboundLink(this, 'E-mail', 'Description PDF');return false;\">Pamesa Ceramica Davos<\/a><\/p>\n<p>\u010ce \u017eelite naro\u010diti model iz pdf kataloga te kolekcije, nam pi\u0161ite na: <a href=\"mailto:keramoteka.salon@gmail.com\" onclick=\"recordOutboundLink(this, 'E-mail', 'Description mail');return false;\">keramoteka.salon@gmail.com<\/a> ali pa nas pokli\u010dite na: +386 31 255 900.<\/p>\n<p>Technical description: 30,3&#215;61,3<\/p>\n","protected":false},"excerpt":{"rendered":"<p>\u0160irina in dol\u017eina te plo\u0161\u010dice sta 30&#215;60 cm. Pamesa Davos Beige je na voljo po zelo ugodni ceni 42,14 EUR. Plo\u0161\u010dica je debela kar 9 mm, kar jo uvr\u0161\u010da med bolj trde plo\u0161\u010dice. Ta kerami\u010dna plo\u0161\u010dica v \u010dudoviti be\u017e barvi bo obogatila vsak prostor. Pamesa Davos Beige je pripeljana iz \u0160panije in je zelo kvalitetna. [&hellip;]<\/p>\n","protected":false},"featured_media":107176,"template":"","meta":[],"product_cat":[200,999107,999],"product_tag":[],"_links":{"self":[{"href":"https:\/\/www.keramika.com\/slovenija\/wp-json\/wp\/v2\/product\/107175"}],"collection":[{"href":"https:\/\/www.keramika.com\/slovenija\/wp-json\/wp\/v2\/product"}],"about":[{"href":"https:\/\/www.keramika.com\/slovenija\/wp-json\/wp\/v2\/types\/product"}],"wp:featuredmedia":[{"embeddable":true,"href":"https:\/\/www.keramika.com\/slovenija\/wp-json\/wp\/v2\/media\/107176"}],"wp:attachment":[{"href":"https:\/\/www.keramika.com\/slovenija\/wp-json\/wp\/v2\/media?parent=107175"}],"wp:term":[{"taxonomy":"product_cat","embeddable":true,"href":"https:\/\/www.keramika.com\/slovenija\/wp-json\/wp\/v2\/product_cat?post=107175"},{"taxonomy":"product_tag","embeddable":true,"href":"https:\/\/www.keramika.com\/slovenija\/wp-json\/wp\/v2\/product_tag?post=107175"}],"curies":[{"name":"wp","href":"https:\/\/api.w.org\/{rel}","templated":true}]}}